{"id":1022,"date":"2023-06-18T21:43:03","date_gmt":"2023-06-18T21:43:03","guid":{"rendered":"https:\/\/dermanima.com\/terminos-de-uso\/"},"modified":"2024-03-26T10:20:38","modified_gmt":"2024-03-26T10:20:38","slug":"terminos-de-uso","status":"publish","type":"page","link":"https:\/\/dermanima.com\/es\/terminos-de-uso\/","title":{"rendered":"T\u00e9rminos de uso y Aviso Legal"},"content":{"rendered":"<div class=\"wpb-content-wrapper\"><p>[vc_row][vc_column width=\u00bb1\/1&#8243;][vc_column_text uncode_shortcode_id=\u00bb148160&#8243;]<\/p>\n<div>\n<p>Derm\u00c0nima: Cliniessentiel S.L. &#8211; NIF. B67450825.<\/p>\n<\/div>\n<div>Carrer Josep Ballar\u00ed 11, 08022 Barcelona, Espa\u00f1a.<\/div>\n<div>Tel. +34 637514510<\/div>\n<div>\n<p>info@dermanima.com<\/p>\n<\/div>\n<div>\n<p>El acceso a la presente p\u00e1gina Web y el uso de la misma est\u00e1n supeditados a las condiciones que se expresan a continuaci\u00f3n, y a la legislaci\u00f3n vigente. Al acceder a esta p\u00e1gina Web y explorar el contenido de la misma, EL USUARIO acepta, sin reserva ni limitaci\u00f3n, las presentes condiciones.<\/p>\n<p>CONDICIONES<\/p>\n<p><span style=\"font-family: -apple-system, BlinkMacSystemFont, 'Segoe UI', Roboto, Oxygen-Sans, Ubuntu, Cantarell, 'Helvetica Neue', sans-serif;\">1. EL USUARIO podr\u00e1 visualizar todos los elementos, imprimirlos, copiarlos y almacenarlos en el disco duro de su ordenador o en cualquier otro soporte f\u00edsico siempre y cuando sea, \u00fanica y exclusivamente, para su uso personal y privado, quedando, por tanto, terminantemente prohibida su utilizaci\u00f3n con fines comerciales, su distribuci\u00f3n, as\u00ed como su modificaci\u00f3n, alteraci\u00f3n o descompilaci\u00f3n.<\/span><\/p>\n<p><span style=\"font-family: -apple-system, BlinkMacSystemFont, 'Segoe UI', Roboto, Oxygen-Sans, Ubuntu, Cantarell, 'Helvetica Neue', sans-serif;\">2. EL USUARIO debe conservar y reproducir todos y cada uno de los avisos de titularidad u otros derechos de la propiedad que constan en la informaci\u00f3n que descarga. No obstante, EL USUARIO no tiene permiso para distribuir, modificar, transmitir, volver a utilizar o colocar de nuevo el contenido de la presente p\u00e1gina Web, incluidos el texto, las im\u00e1genes y el contenido audiovisual, para fines p\u00fablicos o comerciales sin la autorizaci\u00f3n escrita de Cliniessentiel S.L.. Deber\u00e1 entenderse que todos los derechos sobre el contenido de esta p\u00e1gina Web est\u00e1n reservados, salvo indicaci\u00f3n en sentido contrario, y por tanto no se puede utilizar dicho contenido sin la autorizaci\u00f3n escrita de Cliniessentiel S.L..<\/span><\/p>\n<p><span style=\"font-family: -apple-system, BlinkMacSystemFont, 'Segoe UI', Roboto, Oxygen-Sans, Ubuntu, Cantarell, 'Helvetica Neue', sans-serif;\">EL USUARIO se compromete a hacer un uso adecuado de los contenidos e informaci\u00f3n que aparecen en esta web. No obstante, Cliniessentiel S.L. no manifiesta, ni garantiza que el uso que haga el USUARIO del contenido de la presente p\u00e1gina Web no vulnere los derechos de terceros ajenos a editorial. Cliniessentiel S.L. no se responsabiliza de ninguna contingencia relacionada con el uso de la presente p\u00e1gina Web o de su contenido. Adicionalmente, Cliniessentiel S.L.ro, no se responsabiliza de ning\u00fan da\u00f1o producido a su equipo inform\u00e1tico u otros bienes de su propiedad, ni de ning\u00fan virus que pueda infectar los mismos, como consecuencia del acceso por parte del USUARIO al presente sitio o de su uso o exploraci\u00f3n del mismo, o del descargo por parte del USUARIO de cualquier materia, datos, texto, im\u00e1genes o contenido audiovisual del presente sitio.<\/span><\/p>\n<p><span style=\"font-family: -apple-system, BlinkMacSystemFont, 'Segoe UI', Roboto, Oxygen-Sans, Ubuntu, Cantarell, 'Helvetica Neue', sans-serif;\">4. Cliniessentiel S.L. se reserva el derecho de efectuar sin previo aviso las modificaciones que considere oportunas en su sede web, pudiendo cambiar, suprimir o a\u00f1adir tanto los contenidos y como la forma en la que estos aparezcan presentados o localizados. Se reserva adem\u00e1s, el derecho de interrumpir o suspender total o parcialmente la funcionalidad de la presente p\u00e1gina Web. Cliniessentiel S.L. no se responsabiliza de la eventual interrupci\u00f3n o suspensi\u00f3n de la presente p\u00e1gina Web, sea como consecuencia de las actuaciones u omisiones de la propia editorial, o las de cualquier tercero.<\/span><\/p>\n<p><span style=\"font-family: -apple-system, BlinkMacSystemFont, 'Segoe UI', Roboto, Oxygen-Sans, Ubuntu, Cantarell, 'Helvetica Neue', sans-serif;\">5. Cualquier comunicaci\u00f3n o informaci\u00f3n que EL USUARIO transmite a la presente p\u00e1gina Web mediante el correo electr\u00f3nico o por otro medio distinto, incluyendo los datos, preguntas, comentarios, sugerencias o similares, tendr\u00e1 car\u00e1cter no confidencial y ser\u00e1n de propiedad no exclusiva, y recibir\u00e1 el tratamiento correspondiente a dicha naturaleza. Cualquier dato que EL USUARIO transmita o coloque se convertir\u00e1 en propiedad de Cliniessentiel S.L. y podr\u00e1 utilizarse para cualquier prop\u00f3sito, incluyendo, entre otros, la reproducci\u00f3n, divulgaci\u00f3n, transmisi\u00f3n, publicaci\u00f3n, emisi\u00f3n o colocaci\u00f3n.<\/span><\/p>\n<p><span style=\"font-family: -apple-system, BlinkMacSystemFont, 'Segoe UI', Roboto, Oxygen-Sans, Ubuntu, Cantarell, 'Helvetica Neue', sans-serif;\">6. Se permite el establecimiento de v\u00ednculos con el presente sitio \u00fanicamente a nivel de la p\u00e1gina de inicio. Se proh\u00edbe el establecimiento de v\u00ednculos profundos sin la autorizaci\u00f3n previa por escrito de Cliniessentiel S.L.. Se proh\u00edbe el enmarcado del presente sitio con sitios o elementos de sitios ajenos a la editorial. Se proh\u00edbe asimismo la vinculaci\u00f3n en l\u00ednea y la incorporaci\u00f3n por cualquier otro medio de elementos de la presente p\u00e1gina Web en los sitios pertenecientes a personas o entidades ajenas Cliniessentiel S.L..<\/span><\/p>\n<p><span style=\"font-family: -apple-system, BlinkMacSystemFont, 'Segoe UI', Roboto, Oxygen-Sans, Ubuntu, Cantarell, 'Helvetica Neue', sans-serif;\">7. Puesto que Cliniessentiel S.L. no ejerce ning\u00fan control sobre los sitios vinculados a la presente p\u00e1gina Web, ni autoriza los mismos, y puesto que Cliniessentiel S.L. no ha estudiado ni una parte ni la totalidad de las p\u00e1ginas Web vinculadas a la presente, el USUARIO acepta que Cliniessentiel S.L. no se responsabilice del contenido de ninguna p\u00e1gina externa al presente sitio ni de ning\u00fan otro sitio vinculado al mismo. El USUARIO accede al presente sitio y a las p\u00e1ginas externas u otros sitios bajo su propio riesgo y sin la autorizaci\u00f3n de Cliniessentiel S.L..<\/span><\/p>\n<p><span style=\"font-family: -apple-system, BlinkMacSystemFont, 'Segoe UI', Roboto, Oxygen-Sans, Ubuntu, Cantarell, 'Helvetica Neue', sans-serif;\">8. Se proh\u00edbe la colocaci\u00f3n o la transmisi\u00f3n de toda materia il\u00edcita, amenazadora, calumniosa, difamatoria, obscena, escandalosa, pornogr\u00e1fica o blasfema, o cualquier materia que pudiera constituir o inducir a conductas que podr\u00edan tipificarse como delito, ocasionar responsabilidad civil, o vulnerar de otra forma cualquier ley. Cliniessentiel S.L. colaborar\u00e1 plenamente con cualquier autoridad encargada de hacer cumplir la ley o cualquier requerimiento judicial que inste a Cliniessentiel S.L. a revelar la identidad de cualquier persona que coloque tal informaci\u00f3n o materia.<\/span><\/p>\n<p><span style=\"font-family: -apple-system, BlinkMacSystemFont, 'Segoe UI', Roboto, Oxygen-Sans, Ubuntu, Cantarell, 'Helvetica Neue', sans-serif;\">Cliniessentiel S.L., podr\u00e1 modificar en cualquier momento las presentes Condiciones. Dicha modificaci\u00f3n es vinculante para el USUARIO. y por tanto le recomendamos que visite la presente p\u00e1gina peri\u00f3dicamente, para saber las Condiciones vigentes que le afectan.<\/span><\/p>\n<p><span style=\"font-family: -apple-system, BlinkMacSystemFont, 'Segoe UI', Roboto, Oxygen-Sans, Ubuntu, Cantarell, 'Helvetica Neue', sans-serif;\">10. En relaci\u00f3n con los servicios a disposici\u00f3n de los usuarios a trav\u00e9s de registro previo, todos los datos se mantienen en la m\u00e1s estricta Privacidad de acuerdo con la legislaci\u00f3n vigente.<\/span><\/p>\n<div><\/div>\n<div><b><span lang=\"ES\">AVISO LEGAL <\/span><\/b><\/div>\n<p style=\"font-weight: 400;\">CLINIESSENTIEL SL, cumple con los requisitos establecidos en la normativa actual sobre Protecci\u00f3n de Datos de Car\u00e1cter Personal y Comercio Electr\u00f3nico. Para ello y de conformidad con lo previsto en la Ley 34\/2002, de Servicios de la Sociedad de la Informaci\u00f3n y de Comercio Electr\u00f3nico, ha creado el siguiente Aviso Legal:<\/p>\n<p>&nbsp;<\/p>\n<p><strong>IDENTIFICACION DEL TITULAR<\/strong><\/p>\n<p>CLINIESSENTIEL SL, B67450825<\/p>\n<p>C\/ Josep Balari, 11, Local 2, 08022, Barcelona<\/p>\n<p>doctoralleal@gmail.com<\/p>\n<p>DPD: MEDICONSULTING ETL GLOBAL, SL, Servei de Protecci\u00f3 de Dades, Passeig Bonanova 47, 5\u00aa planta, CP 08017 Barcelona, tel\u00e8fon 93 567 88 78.<\/p>\n<p style=\"font-weight: 400;\"><strong> <\/strong><\/p>\n<p style=\"font-weight: 400;\"><strong>CONDICIONES GENERALES DE USO<\/strong><\/p>\n<p style=\"font-weight: 400;\">Toda persona que acceda a este sitio Web asume el papel de Usuario, comprometi\u00e9ndose a la observancia y cumplimiento riguroso de las disposiciones aqu\u00ed dispuestas, as\u00ed como a cualquier otra disposici\u00f3n legal que fuera de aplicaci\u00f3n.<\/p>\n<p style=\"font-weight: 400;\">CLINIESSENTIEL SL, se reserva el derecho a modificar cualquier tipo de informaci\u00f3n que pudiera aparecer en el sitio Web, sin que exista obligaci\u00f3n de preavisar o poner en conocimiento de los Usuarios dichas obligaciones, entendi\u00e9ndose como suficiente con la publicaci\u00f3n en su sitio Web.<\/p>\n<p style=\"font-weight: 400;\">El usuario acepta plenamente y sin reservas las disposiciones incluidas en este Aviso Legal, en la versi\u00f3n publicada por CLINIESSENTIEL SL, en el momento mismo en que el Usuario acceda al sitio Web.<\/p>\n<p style=\"font-weight: 400;\">El sitio Web puede ser visitado libremente y el Usuario se compromete a utilizar sus contenidos y servicios de conformidad con la ley, la moral, las buenas costumbres y el presente Aviso Legal. A tal efecto, el Usuario se abstendr\u00e1 de utilizar el sitio Web con fines o efectos il\u00edcitos, prohibidos y lesivos de los derechos e intereses de terceros.<\/p>\n<p style=\"font-weight: 400;\">CLINIESSENTIEL SL, no se responsabiliza de los errores u omisiones, de los contenidos del sitio Web ni de otros contenidos a los que se pueda acceder a trav\u00e9s del mismo, ni de los da\u00f1os derivados de la utilizaci\u00f3n del sitio Web, ni por cualquier actuaci\u00f3n realizada sobre la base de la informaci\u00f3n que en ella se facilita.<\/p>\n<p style=\"font-weight: 400;\">CLINIESSENTIEL SL, ni garantiza la ausencia de virus u otros elementos lesivos, que pudieran causar da\u00f1os o alteraciones en el sistema inform\u00e1tico, en los documentos electr\u00f3nicos o en los ficheros del usuario del sitio Web; ni responde de los da\u00f1os y perjuicios que tales elementos pudieran ocasionar al Usuario o terceros.<\/p>\n<p style=\"font-weight: 400;\">El sitio Web tiene car\u00e1cter informativo, por lo que su contenido podr\u00e1 ser modificado, ampliado o suprimido en cualquier momento, sin previo aviso.<\/p>\n<p style=\"font-weight: 400;\">CLINIESSENTIEL SL, se reserva el derecho de actualizar los contenidos del sitio Web y\/o de eliminarlos, as\u00ed como de limitar e impedir el acceso a los mismos, ya sea temporal o definitivamente, sin previa notificaci\u00f3n.<\/p>\n<p style=\"font-weight: 400;\"><strong> <\/strong><\/p>\n<p style=\"font-weight: 400;\"><strong>DERECHOS DE PROPIEDAD INTELECTUAL E INDUSTRIAL<\/strong><\/p>\n<p style=\"font-weight: 400;\">Todos los derechos de propiedad intelectual y\/o industrial del sitio Web y de todos sus contenidos (textos, im\u00e1genes, dise\u00f1os, creatividades, software, c\u00f3digo fuente, fragmento de audio, programas inform\u00e1ticos, descargas digitales, bases de datos, nombres comerciales, marcas, logotipos, y\/o cualquier otro signo distintivo, etc.) que formen o hayan formado parte del mismo en alg\u00fan momento, est\u00e1n protegidos por Ley y pertenecen a CLINIESSENTIEL SL.<\/p>\n<p style=\"font-weight: 400;\">En ning\u00fan caso se entender\u00e1 que el acceso y uso del sitio Web implica la renuncia, transmisi\u00f3n, licencia, cesi\u00f3n, total ni parcial, ni autorizaci\u00f3n de clase alguna, para la explotaci\u00f3n, reproducci\u00f3n, comunicaci\u00f3n p\u00fablica, difusi\u00f3n, divulgaci\u00f3n y\/o transformaci\u00f3n ni del sitio Web, ni de sus contenidos, entendidos con la amplitud se\u00f1alada en el punto anterior, ni tampoco de los derechos de propiedad intelectual y\/o industrial inherentes a los mismos.<\/p>\n<p style=\"font-weight: 400;\"><strong>POLITICA DE PRIVACIDAD<\/strong><\/p>\n<p style=\"font-weight: 400;\"><strong> <\/strong><\/p>\n<p style=\"font-weight: 400;\">De conformidad a lo establecido en el Reglamento (UE) 2016\/679 del Parlamento Europeo y del Consejo del 27 de Abril de 2016 sobre la protecci\u00f3n de las personas f\u00edsicas i del Consejo, de 27 de abril de 2016, relativo a la protecci\u00f3n de las personas f\u00edsicas en lo que respecta al tratamiento de datos personales y a la libre circulaci\u00f3n de estos datos y la LOPD 3\/2018 de 5 de diciembre de Protecci\u00f3n de Datos Personales y garant\u00eda de los derechos digitales le proporciona la siguiente informaci\u00f3n:<\/p>\n<p style=\"font-weight: 400;\"><strong> <\/strong><\/p>\n<p>CLINIESSENTIEL SL, B67450825<\/p>\n<p>C\/ Josep Balari, 11, Local 2, 08022, Barcelona<\/p>\n<p>doctoralleal@gmail.com<\/p>\n<p>DPD: MEDICONSULTING ETL GLOBAL, SL, Servei de Protecci\u00f3 de Dades, Passeig Bonanova 47, 5\u00aa planta, CP 08017 Barcelona, tel\u00e8fon 93 567 88 78.<\/p>\n<p>&nbsp;<\/p>\n<p style=\"font-weight: 400;\">DATOS RECOGIDOS EN FORMULARIO DE CONTACTO<\/p>\n<table style=\"font-weight: 400;\">\n<tbody>\n<tr>\n<td width=\"279\">Finalidad<\/td>\n<td width=\"279\">Remitir al usuario informaci\u00f3n que puedan ser de su inter\u00e9s en la direcci\u00f3n proporcionada.<\/td>\n<\/tr>\n<tr>\n<td width=\"279\">Legitimaci\u00f3n para el tratamiento<\/td>\n<td width=\"279\">Consentimiento del usuario<\/td>\n<\/tr>\n<tr>\n<td width=\"279\">Criterios de conservaci\u00f3n<\/td>\n<td width=\"279\">Sus datos ser\u00e1n cancelados en el momento en que Ud. nos retire el consentimiento, se conservar\u00e1n durante el plazo de 3 a\u00f1os para responder de posibles reclamaciones y\/o en el momento en que solicite la supresi\u00f3n, despu\u00e9s de oponerse al tratamiento, ser\u00e1n destruidos.<\/td>\n<\/tr>\n<tr>\n<td width=\"279\">Comunicaci\u00f3n de datos<\/td>\n<td width=\"279\">No se ceder\u00e1n a terceros<\/td>\n<\/tr>\n<tr>\n<td width=\"279\">Derechos del usuario<\/td>\n<td width=\"279\">Derechos de acceso, rectificaci\u00f3n, supresi\u00f3n, portabilidad y la limitaci\u00f3n u oposici\u00f3n a su tratamiento.<\/p>\n<p>Derecho a presentar una reclamaci\u00f3n ante la Agencia espa\u00f1ola de Protecci\u00f3n de Datos<\/p>\n<p>&nbsp;<\/td>\n<\/tr>\n<tr>\n<td width=\"279\">Datos de contacto para ejercer los derechos del usuario<\/td>\n<td width=\"279\">CLINIESSENTIEL SL, B67450825<\/p>\n<p>C\/ Josep Balari, 11, Local 2, 08022, Barcelona<\/p>\n<p>doctoralleal@gmail.com<\/p>\n<p>DPD: MEDICONSULTING ETL GLOBAL, SL, Servei de Protecci\u00f3 de Dades, Passeig Bonanova 47, 5\u00aa planta, CP 08017 Barcelona, tel\u00e8fon 93 567 88 78.<\/p>\n<p>&nbsp;<\/td>\n<\/tr>\n<\/tbody>\n<\/table>\n<p style=\"font-weight: 400;\">DATOS RECOGIDOS EN FORMULARIO DE CONTACTO CON ACEPTACI\u00d3N DE RECIBIR COMUNICACIONES COMERCIALES<\/p>\n<table style=\"font-weight: 400;\">\n<tbody>\n<tr>\n<td width=\"279\">Finalidad<\/td>\n<td width=\"279\">Remitir al usuario informaci\u00f3n que puedan ser de su inter\u00e9s en la direcci\u00f3n proporcionada, as\u00ed como para gestionar la posible relaci\u00f3n comercial previo consentimiento expreso.<\/p>\n<p>&nbsp;<\/td>\n<\/tr>\n<tr>\n<td width=\"279\">Legitimaci\u00f3n para el tratamiento<\/td>\n<td width=\"279\">Consentimiento del usuario<\/td>\n<\/tr>\n<tr>\n<td width=\"279\">Criterios de conservaci\u00f3n<\/td>\n<td width=\"279\">Sus datos ser\u00e1n cancelados en el momento en que Ud. nos retire el consentimiento, se conservar\u00e1n durante el plazo de 3 a\u00f1os para responder de posibles reclamaciones y\/o en el momento en que solicite la supresi\u00f3n, despu\u00e9s de oponerse al tratamiento, ser\u00e1n destruidos.<\/td>\n<\/tr>\n<tr>\n<td width=\"279\">Comunicaci\u00f3n de datos<\/td>\n<td width=\"279\">No se cediran.<\/td>\n<\/tr>\n<tr>\n<td width=\"279\">Derechos del usuario<\/td>\n<td width=\"279\">Derechos de acceso, rectificaci\u00f3n, supresi\u00f3n, portabilidad y la limitaci\u00f3n u oposici\u00f3n a su tratamiento.<\/p>\n<p>Derecho a presentar una reclamaci\u00f3n ante la Agencia espa\u00f1ola de Protecci\u00f3n de Datos<\/p>\n<p>&nbsp;<\/td>\n<\/tr>\n<tr>\n<td width=\"279\">Datos de contacto para ejercer los derechos del usuario<\/td>\n<td width=\"279\">CLINIESSENTIEL SL, B67450825<\/p>\n<p>C\/ Josep Balari, 11, Local 2, 08022, Barcelona<\/p>\n<p>doctoralleal@gmail.com<\/p>\n<p>DPD: MEDICONSULTING ETL GLOBAL, SL, Servei de Protecci\u00f3 de Dades, Passeig Bonanova 47, 5\u00aa planta, CP 08017 Barcelona, tel\u00e8fon 93 567 88 78.<\/p>\n<p>&nbsp;<\/td>\n<\/tr>\n<\/tbody>\n<\/table>\n<p style=\"font-weight: 400;\"><strong> <\/strong><\/p>\n<p style=\"font-weight: 400;\"><strong>ENLACES<\/strong><\/p>\n<p style=\"font-weight: 400;\">El Responsable del tratamiento no asume ninguna responsabilidad sobre el contenido, informaci\u00f3n o servicios que puedan ofrecer los enlaces que se presentan en nuestro sitio Web, y que tienen car\u00e1cter meramente informativo.<\/p>\n<p style=\"font-weight: 400;\"><strong> <\/strong><\/p>\n<p style=\"font-weight: 400;\"><strong>LEGISLACI\u00d3N APLICABLE<\/strong><\/p>\n<p style=\"font-weight: 400;\">La presente Web se rige por la legislaci\u00f3n espa\u00f1ola.<\/p>\n<p style=\"font-weight: 400;\"><strong> <\/strong><\/p>\n<p><strong> <\/strong><\/p>\n<p style=\"font-weight: 400;\"><strong> <\/strong><\/p>\n<\/div>\n<p>[\/vc_column_text][\/vc_column][\/vc_row]<\/p>\n<\/div>","protected":false},"excerpt":{"rendered":"<p>[vc_row][vc_column width=\u00bb1\/1&#8243;][vc_column_text uncode_shortcode_id=\u00bb148160&#8243;] Derm\u00c0nima: Cliniessentiel S.L. &#8211; NIF. B67450825. Carrer Josep Ballar\u00ed 11, 08022 Barcelona, Espa\u00f1a. Tel. +34 637514510 info@dermanima.com [&hellip;]<\/p>\n","protected":false},"author":1,"featured_media":0,"parent":0,"menu_order":0,"comment_status":"closed","ping_status":"closed","template":"","meta":{"inline_featured_image":false,"footnotes":""},"class_list":["post-1022","page","type-page","status-publish","hentry"],"jetpack_sharing_enabled":true,"_links":{"self":[{"href":"https:\/\/dermanima.com\/es\/wp-json\/wp\/v2\/pages\/1022","targetHints":{"allow":["GET"]}}],"collection":[{"href":"https:\/\/dermanima.com\/es\/wp-json\/wp\/v2\/pages"}],"about":[{"href":"https:\/\/dermanima.com\/es\/wp-json\/wp\/v2\/types\/page"}],"author":[{"embeddable":true,"href":"https:\/\/dermanima.com\/es\/wp-json\/wp\/v2\/users\/1"}],"replies":[{"embeddable":true,"href":"https:\/\/dermanima.com\/es\/wp-json\/wp\/v2\/comments?post=1022"}],"version-history":[{"count":5,"href":"https:\/\/dermanima.com\/es\/wp-json\/wp\/v2\/pages\/1022\/revisions"}],"predecessor-version":[{"id":1271,"href":"https:\/\/dermanima.com\/es\/wp-json\/wp\/v2\/pages\/1022\/revisions\/1271"}],"wp:attachment":[{"href":"https:\/\/dermanima.com\/es\/wp-json\/wp\/v2\/media?parent=1022"}],"curies":[{"name":"wp","href":"https:\/\/api.w.org\/{rel}","templated":true}]}}