{"id":1031,"date":"2023-06-18T21:58:14","date_gmt":"2023-06-18T21:58:14","guid":{"rendered":"https:\/\/dermanima.com\/envios-y-devoluciones\/"},"modified":"2023-06-29T15:39:25","modified_gmt":"2023-06-29T15:39:25","slug":"envios-y-devoluciones","status":"publish","type":"page","link":"https:\/\/dermanima.com\/es\/envios-y-devoluciones\/","title":{"rendered":"Env\u00edos y devoluciones"},"content":{"rendered":"<div class=\"wpb-content-wrapper\"><p>[vc_row][vc_column width=\u00bb1\/1&#8243;][vc_column_text uncode_shortcode_id=\u00bb206148&#8243;]COMPRAS<\/p>\n<p>\u00bfC\u00f3mo puedo comprar vuestros productos?<\/p>\n<p>A trav\u00e9s de la tienda online<\/p>\n<p>\u00bfCu\u00e1nto cuesta el env\u00edo?<\/p>\n<table>\n<tbody>\n<tr>\n<td><\/td>\n<td><span style=\"font-weight: 400;\">TARIFA<\/span><\/td>\n<td><span style=\"font-weight: 400;\">ENV\u00edO GRATUITO<\/span><\/td>\n<\/tr>\n<tr>\n<td><span style=\"font-weight: 400;\">Espa\u00f1a<\/span><\/td>\n<td><span style=\"font-weight: 400;\">5.00\u20ac\u00a0\u00a0<\/span><\/td>\n<td><span style=\"font-weight: 400;\">compras superiores a 45 \u20ac<\/span><\/td>\n<\/tr>\n<tr>\n<td><span style=\"font-weight: 400;\">Uni\u00f3n Europea<\/span><\/td>\n<td><span style=\"font-weight: 400;\">10.00\u20ac\u00a0\u00a0<\/span><\/td>\n<td><span style=\"font-weight: 400;\">compras superiores a 45 \u20ac<\/span><\/td>\n<\/tr>\n<tr>\n<td><span style=\"font-weight: 400;\">Reino Unido<\/span><\/td>\n<td><span style=\"font-weight: 400;\">10.00\u20ac\u00a0<\/span><\/td>\n<td><span style=\"font-weight: 400;\">compras superiores a 45 \u20ac<\/span><\/td>\n<\/tr>\n<tr>\n<td><span style=\"font-weight: 400;\">Resto de pa\u00edses<\/span><\/td>\n<td><span style=\"font-weight: 400;\">20.00\u20ac\u00a0<\/span><\/td>\n<td><span style=\"font-weight: 400;\">compras superiores a 45 \u20ac<\/span><\/td>\n<\/tr>\n<\/tbody>\n<\/table>\n<p>\u00bfC\u00f3mo puedo pagar mi pedido?<\/p>\n<p>Pago con Tarjeta de cr\u00e9dito o d\u00e9bito, PayPal. GooglePay. ApplePay.<\/p>\n<p>\u00bfC\u00f3mo se realiza el env\u00edo de mi pedido?<\/p>\n<p>A trav\u00e9s de una empresa de mensajer\u00eda urgente.<\/p>\n<p>\u00bfCu\u00e1ndo recibir\u00e9 mi pedido?<\/p>\n<p>Entre 1 y 8 d\u00edas, dependiendo del pa\u00eds de destino. despu\u00e9s de hacer efectivo el pedido y el pago del mismo.<\/p>\n<p>DEVOLUCIONES<\/p>\n<p>\u00bfPuedo devolver el pedido?<\/p>\n<p>Puedes devolver los productos dentro de los 7 primeros d\u00edas desde que lo recibiste.<\/p>\n<p>Los productos no deben haber sido manipulados, ni utilizados y deben encontrarse en perfecto estado, sin abrir y en el embalaje original . Te realizaremos el reembolso una vez recibidos en nuestro laboratorio, mediante el mismo medio de pago que utilizaste para pagar el pedido, menos los gastos de env\u00edo. Los gastos de env\u00edo, derivados de la devoluci\u00f3n, correr\u00e1n a tu cargo.<\/p>\n<p>Puedes utilizar la misma caja y papel de envoltorio para protegerlos durante el trayecto.<\/p>\n<p>Direcci\u00f3n de devoluci\u00f3n:<\/p>\n<p>Cliniessentiel S.L.<br \/>\nCarrer Josep Ballar\u00ed 11<br \/>\n08022 Barcelona<br \/>\nEspa\u00f1a<\/p>\n<p>\u00bfY si el producto me ha llegado roto o defectuoso?<\/p>\n<p>Aunque controlamos la calidad y preparamos cada env\u00edo de forma manual, con un envoltorio protector ecol\u00f3gico, en caso de que exista alg\u00fan problema, escr\u00edbenos al mail info@dermanima.com en cuanto hayas recibido el paquete, y lo solucionaremos lo m\u00e1s r\u00e1pido posible.<\/p>\n<p>Tras verificar el problema, te haremos un nuevo env\u00edo con los productos defectuosos y sin ning\u00fan coste para ti.[\/vc_column_text][\/vc_column][\/vc_row]<\/p>\n<\/div>","protected":false},"excerpt":{"rendered":"<p>[vc_row][vc_column width=\u00bb1\/1&#8243;][vc_column_text uncode_shortcode_id=\u00bb206148&#8243;]COMPRAS \u00bfC\u00f3mo puedo comprar vuestros productos? A trav\u00e9s de la tienda online \u00bfCu\u00e1nto cuesta el env\u00edo? TARIFA ENV\u00edO [&hellip;]<\/p>\n","protected":false},"author":1,"featured_media":0,"parent":0,"menu_order":0,"comment_status":"closed","ping_status":"closed","template":"","meta":{"inline_featured_image":false,"footnotes":""},"class_list":["post-1031","page","type-page","status-publish","hentry"],"jetpack_sharing_enabled":true,"_links":{"self":[{"href":"https:\/\/dermanima.com\/es\/wp-json\/wp\/v2\/pages\/1031","targetHints":{"allow":["GET"]}}],"collection":[{"href":"https:\/\/dermanima.com\/es\/wp-json\/wp\/v2\/pages"}],"about":[{"href":"https:\/\/dermanima.com\/es\/wp-json\/wp\/v2\/types\/page"}],"author":[{"embeddable":true,"href":"https:\/\/dermanima.com\/es\/wp-json\/wp\/v2\/users\/1"}],"replies":[{"embeddable":true,"href":"https:\/\/dermanima.com\/es\/wp-json\/wp\/v2\/comments?post=1031"}],"version-history":[{"count":5,"href":"https:\/\/dermanima.com\/es\/wp-json\/wp\/v2\/pages\/1031\/revisions"}],"predecessor-version":[{"id":1060,"href":"https:\/\/dermanima.com\/es\/wp-json\/wp\/v2\/pages\/1031\/revisions\/1060"}],"wp:attachment":[{"href":"https:\/\/dermanima.com\/es\/wp-json\/wp\/v2\/media?parent=1031"}],"curies":[{"name":"wp","href":"https:\/\/api.w.org\/{rel}","templated":true}]}}