{"id":659,"date":"2023-02-05T16:40:56","date_gmt":"2023-02-05T16:40:56","guid":{"rendered":"https:\/\/dermanima.com\/inicio\/"},"modified":"2025-05-29T20:30:23","modified_gmt":"2025-05-29T20:30:23","slug":"inicio","status":"publish","type":"page","link":"https:\/\/dermanima.com\/es\/","title":{"rendered":"Inicio"},"content":{"rendered":"<div class=\"wpb-content-wrapper\"><p>[vc_row row_height_percent=\u00bb70&#8243; back_color=\u00bbcolor-wayh\u00bb overlay_alpha=\u00bb50&#8243; gutter_size=\u00bb3&#8243; column_width_percent=\u00bb100&#8243; shift_y=\u00bb0&#8243; z_index=\u00bb0&#8243; uncode_shortcode_id=\u00bb903123&#8243; back_color_type=\u00bbuncode-palette\u00bb][vc_column width=\u00bb1\/1&#8243;][uncode_slider slider_type=\u00bbfade\u00bb slider_interval=\u00bb5000&#8243; slider_navspeed=\u00bb400&#8243; slider_loop=\u00bbyes\u00bb slider_hide_arrows=\u00bbyes\u00bb][vc_row_inner row_inner_height_percent=\u00bb0&#8243; back_color=\u00bbaccent\u00bb back_image=\u00bb2075&#8243; overlay_color=\u00bbaccent\u00bb overlay_alpha=\u00bb25&#8243; gutter_size=\u00bb3&#8243; shift_y=\u00bb0&#8243; z_index=\u00bb0&#8243; uncode_shortcode_id=\u00bb137230&#8243; back_color_type=\u00bbuncode-palette\u00bb overlay_color_type=\u00bbuncode-palette\u00bb back_size=\u00bbcover\u00bb shape_dividers=\u00bb\u00bb][vc_column_inner column_width_use_pixel=\u00bbyes\u00bb position_vertical=\u00bbmiddle\u00bb align_horizontal=\u00bbalign_center\u00bb gutter_size=\u00bb3&#8243; style=\u00bblight\u00bb overlay_alpha=\u00bb50&#8243; shift_x=\u00bb0&#8243; shift_y=\u00bb0&#8243; shift_y_down=\u00bb0&#8243; z_index=\u00bb0&#8243; medium_width=\u00bb0&#8243; mobile_width=\u00bb0&#8243; zoom_width=\u00bb0&#8243; zoom_height=\u00bb0&#8243; width=\u00bb1\/1&#8243; uncode_shortcode_id=\u00bb836612&#8243; column_width_pixel=\u00bb720&#8243;][vc_custom_heading text_color=\u00bbcolor-xsdn\u00bb text_size=\u00bbh1&#8243; css_animation=\u00bbbottom-t-top\u00bb animation_delay=\u00bb400&#8243; uncode_shortcode_id=\u00bb137433&#8243; text_color_type=\u00bbuncode-palette\u00bb]Contribuimos a un mundo en equilibrio, creando aut\u00e9ntico bienestar a trav\u00e9s de la pureza.[\/vc_custom_heading][vc_button hover_fx=\u00bbfull-colored\u00bb border_width=\u00bb0&#8243; css_animation=\u00bbbottom-t-top\u00bb animation_delay=\u00bb800&#8243; link=\u00bburl:https%3A%2F%2Fdermanima.com%2Fes%2Fque-es-dermanima%2F|title:Que%20%C3%A9s%20Derm%C3%80nima%3F|\u00bb uncode_shortcode_id=\u00bb105573&#8243;]DESCUBRE EL MUNDO DERM\u00c0NIMA[\/vc_button][\/vc_column_inner][\/vc_row_inner][\/uncode_slider][\/vc_column][\/vc_row][vc_row row_height_percent=\u00bb0&#8243; override_padding=\u00bbyes\u00bb h_padding=\u00bb2&#8243; top_padding=\u00bb4&#8243; bottom_padding=\u00bb4&#8243; overlay_alpha=\u00bb50&#8243; gutter_size=\u00bb3&#8243; column_width_percent=\u00bb100&#8243; shift_y=\u00bb0&#8243; z_index=\u00bb0&#8243; uncode_shortcode_id=\u00bb600596&#8243;][vc_column column_width_percent=\u00bb100&#8243; align_horizontal=\u00bbalign_center\u00bb gutter_size=\u00bb3&#8243; overlay_alpha=\u00bb50&#8243; shift_x=\u00bb0&#8243; shift_y=\u00bb0&#8243; shift_y_down=\u00bb0&#8243; z_index=\u00bb0&#8243; medium_width=\u00bb0&#8243; mobile_width=\u00bb0&#8243; width=\u00bb1\/1&#8243; uncode_shortcode_id=\u00bb567357&#8243;][vc_row_inner][vc_column_inner column_width_percent=\u00bb100&#8243; align_horizontal=\u00bbalign_center\u00bb gutter_size=\u00bb3&#8243; overlay_alpha=\u00bb50&#8243; shift_x=\u00bb0&#8243; shift_y=\u00bb0&#8243; shift_y_down=\u00bb0&#8243; z_index=\u00bb0&#8243; medium_width=\u00bb0&#8243; mobile_width=\u00bb0&#8243; css_animation=\u00bbbottom-t-top\u00bb width=\u00bb1\/1&#8243; uncode_shortcode_id=\u00bb576114&#8243;][vc_custom_heading text_size=\u00bbh1&#8243; text_transform=\u00bbuppercase\u00bb uncode_shortcode_id=\u00bb235036&#8243;]GAMAS DERM\u00c0NIMA[\/vc_custom_heading][\/vc_column_inner][\/vc_row_inner][vc_row_inner][vc_column_inner column_width_percent=\u00bb100&#8243; align_horizontal=\u00bbalign_center\u00bb gutter_size=\u00bb3&#8243; overlay_alpha=\u00bb50&#8243; shift_x=\u00bb0&#8243; shift_y=\u00bb0&#8243; shift_y_down=\u00bb0&#8243; z_index=\u00bb0&#8243; medium_width=\u00bb4&#8243; mobile_width=\u00bb4&#8243; css_animation=\u00bbbottom-t-top\u00bb animation_delay=\u00bb100&#8243; width=\u00bb1\/4&#8243; uncode_shortcode_id=\u00bb374437&#8243;][vc_single_image media=\u00bb82&#8243; media_width_percent=\u00bb100&#8243; alignment=\u00bbcenter\u00bb uncode_shortcode_id=\u00bb125545&#8243; media_link=\u00bburl:https%3A%2F%2Fdermanima.com%2Fproductes%2Fproductes-facials%2Fgamma-antioxidant%2F|title:Antioxidant\u00bb][vc_custom_heading heading_semantic=\u00bbh3&#8243; text_size=\u00bbfontsize-123024&#8243; text_weight=\u00bb600&#8243; text_transform=\u00bbuppercase\u00bb uncode_shortcode_id=\u00bb162077&#8243;]ANTIOXIDANTE[\/vc_custom_heading][vc_button border_width=\u00bb0&#8243; uncode_shortcode_id=\u00bb212439&#8243; link=\u00bburl:https%3A%2F%2Fdermanima.com%2Fes%2Fproductes%2Fproductos-faciales%2Fantioxidante%2F|title:Antioxidante|\u00bb]DESCUBRE[\/vc_button][\/vc_column_inner][vc_column_inner column_width_percent=\u00bb100&#8243; align_horizontal=\u00bbalign_center\u00bb gutter_size=\u00bb3&#8243; overlay_alpha=\u00bb50&#8243; shift_x=\u00bb0&#8243; shift_y=\u00bb0&#8243; shift_y_down=\u00bb0&#8243; z_index=\u00bb0&#8243; medium_width=\u00bb4&#8243; mobile_width=\u00bb4&#8243; css_animation=\u00bbbottom-t-top\u00bb animation_delay=\u00bb200&#8243; width=\u00bb1\/4&#8243; uncode_shortcode_id=\u00bb178782&#8243;][vc_single_image media=\u00bb83&#8243; media_width_percent=\u00bb100&#8243; uncode_shortcode_id=\u00bb206220&#8243; media_link=\u00bburl:https%3A%2F%2Fdermanima.com%2Fproductes%2Fproductes-facials%2Fgamma-hidratant%2F|title:Hidratant\u00bb][vc_custom_heading heading_semantic=\u00bbh3&#8243; text_size=\u00bbfontsize-123024&#8243; text_weight=\u00bb600&#8243; text_transform=\u00bbuppercase\u00bb uncode_shortcode_id=\u00bb610985&#8243;]HIDRATANTE[\/vc_custom_heading][vc_button border_width=\u00bb0&#8243; uncode_shortcode_id=\u00bb917640&#8243; link=\u00bburl:https%3A%2F%2Fdermanima.com%2Fes%2Fproductes%2Fproductos-faciales%2Fhidratante%2F|title:Hidratante|\u00bb]DESCUBRE[\/vc_button][\/vc_column_inner][vc_column_inner column_width_percent=\u00bb100&#8243; align_horizontal=\u00bbalign_center\u00bb gutter_size=\u00bb3&#8243; overlay_alpha=\u00bb50&#8243; shift_x=\u00bb0&#8243; shift_y=\u00bb0&#8243; shift_y_down=\u00bb0&#8243; z_index=\u00bb0&#8243; medium_width=\u00bb4&#8243; mobile_width=\u00bb4&#8243; css_animation=\u00bbbottom-t-top\u00bb animation_delay=\u00bb300&#8243; width=\u00bb1\/4&#8243; uncode_shortcode_id=\u00bb210480&#8243;][vc_single_image media=\u00bb84&#8243; media_width_percent=\u00bb100&#8243; uncode_shortcode_id=\u00bb181125&#8243; media_link=\u00bburl:https%3A%2F%2Fdermanima.com%2Fproductes%2Fproductes-facials%2Fgamma-regenerant%2F|title:Regenerant\u00bb][vc_custom_heading heading_semantic=\u00bbh3&#8243; text_size=\u00bbfontsize-123024&#8243; text_weight=\u00bb600&#8243; text_transform=\u00bbuppercase\u00bb uncode_shortcode_id=\u00bb731597&#8243;]REGENERANTE[\/vc_custom_heading][vc_button border_width=\u00bb0&#8243; uncode_shortcode_id=\u00bb634190&#8243; link=\u00bburl:https%3A%2F%2Fdermanima.com%2Fes%2Fproductes%2Fproductos-faciales%2Fregenerante%2F|title:Regenerante|\u00bb]DESCUBRE[\/vc_button][\/vc_column_inner][vc_column_inner column_width_percent=\u00bb100&#8243; align_horizontal=\u00bbalign_center\u00bb gutter_size=\u00bb3&#8243; overlay_alpha=\u00bb50&#8243; shift_x=\u00bb0&#8243; shift_y=\u00bb0&#8243; shift_y_down=\u00bb0&#8243; z_index=\u00bb0&#8243; medium_width=\u00bb4&#8243; mobile_width=\u00bb4&#8243; css_animation=\u00bbbottom-t-top\u00bb animation_delay=\u00bb400&#8243; width=\u00bb1\/4&#8243; uncode_shortcode_id=\u00bb126239&#8243;][vc_single_image media=\u00bb85&#8243; media_width_percent=\u00bb100&#8243; uncode_shortcode_id=\u00bb167921&#8243; media_link=\u00bburl:https%3A%2F%2Fdermanima.com%2Fproductes%2Fproductes-corporals%2Fgamma-corporal%2F|title:Corporal\u00bb][vc_custom_heading heading_semantic=\u00bbh3&#8243; text_size=\u00bbfontsize-123024&#8243; text_weight=\u00bb600&#8243; text_transform=\u00bbuppercase\u00bb uncode_shortcode_id=\u00bb211617&#8243;]CORPORAL[\/vc_custom_heading][vc_button border_width=\u00bb0&#8243; uncode_shortcode_id=\u00bb584151&#8243; link=\u00bburl:https%3A%2F%2Fdermanima.com%2Fes%2Fproductes%2Fproductos-corporales%2Fcorporal%2F|title:Corporal|\u00bb]DESCUBRE[\/vc_button][\/vc_column_inner][\/vc_row_inner][vc_row_inner][vc_column_inner width=\u00bb1\/1&#8243;][vc_raw_html]JTNDdmlkZW8lMjBjbGFzcyUzRCUyMmZ1bGwtd2lkdGgtdmlkZW8lMjIlMjBzcmMlM0QlMjJodHRwcyUzQSUyRiUyRmRlcm1hbmltYS5jb20lMkZ3cC1jb250ZW50JTJGdXBsb2FkcyUyRjIwMjMlMkYwNCUyRlBSRVNFTlRBQ0lPTl9ERV9MQV9NQVJDQV8lMjhDQVNUJTI5Lm1wNCUyM3QlM0QwLjUlMjIlMjBjb250cm9scyUzRCUyMiUyMiUzRSUwQSUyMCUyMCUzQ3AlM0VTdSUyMG5hdmVnYWRvciUyMG5vJTIwc29wb3J0YSUyMHYlQzMlQURkZW9zJTIwSFRNTDUuJTNDJTJGcCUzRSUwQSUzQyUyRnZpZGVvJTNF[\/vc_raw_html][\/vc_column_inner][\/vc_row_inner][\/vc_column][\/vc_row][vc_row unlock_row_content=\u00bbyes\u00bb row_height_percent=\u00bb0&#8243; override_padding=\u00bbyes\u00bb h_padding=\u00bb0&#8243; top_padding=\u00bb0&#8243; bottom_padding=\u00bb0&#8243; back_color=\u00bbcolor-433643&#8243; overlay_alpha=\u00bb50&#8243; equal_height=\u00bbyes\u00bb gutter_size=\u00bb0&#8243; column_width_percent=\u00bb100&#8243; shift_y=\u00bb0&#8243; z_index=\u00bb0&#8243; uncode_shortcode_id=\u00bb116955&#8243; back_color_type=\u00bbuncode-palette\u00bb][vc_column column_width_percent=\u00bb100&#8243; gutter_size=\u00bb3&#8243; back_image=\u00bb76&#8243; back_position=\u00bbcenter top\u00bb overlay_alpha=\u00bb50&#8243; shift_x=\u00bb0&#8243; shift_y=\u00bb0&#8243; shift_y_down=\u00bb0&#8243; z_index=\u00bb0&#8243; medium_visibility=\u00bbyes\u00bb medium_width=\u00bb0&#8243; mobile_visibility=\u00bbyes\u00bb mobile_width=\u00bb0&#8243; width=\u00bb1\/2&#8243; uncode_shortcode_id=\u00bb954028&#8243;][\/vc_column][vc_column column_width_use_pixel=\u00bbyes\u00bb gutter_size=\u00bb3&#8243; override_padding=\u00bbyes\u00bb column_padding=\u00bb5&#8243; overlay_alpha=\u00bb50&#8243; shift_x=\u00bb0&#8243; shift_y=\u00bb0&#8243; shift_y_down=\u00bb0&#8243; z_index=\u00bb0&#8243; medium_width=\u00bb0&#8243; mobile_width=\u00bb0&#8243; css_animation=\u00bbbottom-t-top\u00bb width=\u00bb1\/2&#8243; column_width_pixel=\u00bb480&#8243; uncode_shortcode_id=\u00bb136518&#8243;][vc_custom_heading text_size=\u00bbh1&#8243; text_transform=\u00bbuppercase\u00bb uncode_shortcode_id=\u00bb282638&#8243;]Dra. S\u00edlvia Lleal[\/vc_custom_heading][vc_column_text text_lead=\u00bbyes\u00bb uncode_shortcode_id=\u00bb188430&#8243;]Derm\u00c0nima nace de los 28 a\u00f1os de experiencia en medicina est\u00e9tica de la Doctora S\u00edlvia Lleal. Su objetivo siempre ha sido proporcionar los tratamientos m\u00e1s punteros e innovadores a sus pacientes, y ahora este compromiso est\u00e1 a tu alcance.<\/p>\n<p>Derm\u00c0nima es la l\u00ednea de dermocosm\u00e9tica exclusiva que la Doctora ha ideado, formulado, y ejecutado con un equipo farmac\u00e9utico de primera l\u00ednea de la Provenza.[\/vc_column_text][\/vc_column][\/vc_row][vc_row unlock_row_content=\u00bbyes\u00bb row_height_percent=\u00bb0&#8243; override_padding=\u00bbyes\u00bb h_padding=\u00bb0&#8243; top_padding=\u00bb0&#8243; bottom_padding=\u00bb0&#8243; overlay_alpha=\u00bb50&#8243; gutter_size=\u00bb3&#8243; column_width_percent=\u00bb100&#8243; shift_y=\u00bb0&#8243; z_index=\u00bb0&#8243; desktop_visibility=\u00bbyes\u00bb uncode_shortcode_id=\u00bb237299&#8243;][vc_column column_width_percent=\u00bb100&#8243; align_horizontal=\u00bbalign_center\u00bb gutter_size=\u00bb3&#8243; overlay_alpha=\u00bb50&#8243; shift_x=\u00bb0&#8243; shift_y=\u00bb0&#8243; shift_y_down=\u00bb0&#8243; z_index=\u00bb0&#8243; align_medium=\u00bbalign_left_tablet\u00bb medium_width=\u00bb0&#8243; align_mobile=\u00bbalign_left_mobile\u00bb mobile_width=\u00bb0&#8243; width=\u00bb1\/1&#8243; uncode_shortcode_id=\u00bb161896&#8243;][vc_single_image media=\u00bb76&#8243; media_width_percent=\u00bb100&#8243; alignment=\u00bbcenter\u00bb uncode_shortcode_id=\u00bb334610&#8243;][\/vc_column][\/vc_row][vc_row unlock_row_content=\u00bbyes\u00bb row_height_percent=\u00bb0&#8243; override_padding=\u00bbyes\u00bb h_padding=\u00bb0&#8243; top_padding=\u00bb0&#8243; bottom_padding=\u00bb0&#8243; back_color=\u00bbcolor-433643&#8243; overlay_alpha=\u00bb50&#8243; equal_height=\u00bbyes\u00bb gutter_size=\u00bb0&#8243; column_width_percent=\u00bb100&#8243; shift_y=\u00bb0&#8243; z_index=\u00bb0&#8243; uncode_shortcode_id=\u00bb135347&#8243; back_color_type=\u00bbuncode-palette\u00bb][vc_column column_width_use_pixel=\u00bbyes\u00bb gutter_size=\u00bb3&#8243; override_padding=\u00bbyes\u00bb column_padding=\u00bb5&#8243; overlay_alpha=\u00bb50&#8243; shift_x=\u00bb0&#8243; shift_y=\u00bb0&#8243; shift_y_down=\u00bb0&#8243; z_index=\u00bb0&#8243; medium_width=\u00bb0&#8243; mobile_width=\u00bb0&#8243; css_animation=\u00bbbottom-t-top\u00bb width=\u00bb1\/2&#8243; column_width_pixel=\u00bb480&#8243; uncode_shortcode_id=\u00bb185449&#8243;][vc_custom_heading text_size=\u00bbh1&#8243; text_transform=\u00bbuppercase\u00bb uncode_shortcode_id=\u00bb202487&#8243;]EFICACIA[\/vc_custom_heading][vc_column_text text_lead=\u00bbyes\u00bb uncode_shortcode_id=\u00bb356910&#8243;]Derm\u00c0nima une los elementos naturales y el conocimiento cient\u00edfico de \u00faltima generaci\u00f3n. Combina tecnolog\u00eda innovadora con elementos naturales, para dejar atr\u00e1s la qu\u00edmica artificial y cuidar la piel a nivel celular, siempre teniendo en cuenta las necesidades individuales en cada momento.[\/vc_column_text][\/vc_column][vc_column column_width_percent=\u00bb100&#8243; gutter_size=\u00bb3&#8243; back_image=\u00bb92&#8243; overlay_alpha=\u00bb50&#8243; shift_x=\u00bb0&#8243; shift_y=\u00bb0&#8243; shift_y_down=\u00bb0&#8243; z_index=\u00bb0&#8243; medium_width=\u00bb0&#8243; mobile_width=\u00bb0&#8243; width=\u00bb1\/2&#8243; mobile_height=\u00bb340&#8243; uncode_shortcode_id=\u00bb881547&#8243;][\/vc_column][\/vc_row][vc_row unlock_row_content=\u00bbyes\u00bb row_height_percent=\u00bb0&#8243; override_padding=\u00bbyes\u00bb h_padding=\u00bb0&#8243; top_padding=\u00bb0&#8243; bottom_padding=\u00bb0&#8243; back_color=\u00bbcolor-433643&#8243; overlay_alpha=\u00bb50&#8243; equal_height=\u00bbyes\u00bb gutter_size=\u00bb0&#8243; column_width_percent=\u00bb100&#8243; shift_y=\u00bb0&#8243; z_index=\u00bb0&#8243; inverted_device_order=\u00bbyes\u00bb el_class=\u00bbinverted-device-order\u00bb uncode_shortcode_id=\u00bb527304&#8243; back_color_type=\u00bbuncode-palette\u00bb][vc_column column_width_percent=\u00bb100&#8243; gutter_size=\u00bb3&#8243; back_image=\u00bb94&#8243; overlay_alpha=\u00bb50&#8243; shift_x=\u00bb0&#8243; shift_y=\u00bb0&#8243; shift_y_down=\u00bb0&#8243; z_index=\u00bb0&#8243; medium_width=\u00bb0&#8243; mobile_width=\u00bb0&#8243; width=\u00bb1\/2&#8243; mobile_height=\u00bb340&#8243; uncode_shortcode_id=\u00bb104169&#8243;][\/vc_column][vc_column column_width_use_pixel=\u00bbyes\u00bb gutter_size=\u00bb3&#8243; override_padding=\u00bbyes\u00bb column_padding=\u00bb5&#8243; overlay_alpha=\u00bb50&#8243; shift_x=\u00bb0&#8243; shift_y=\u00bb0&#8243; shift_y_down=\u00bb0&#8243; z_index=\u00bb0&#8243; medium_width=\u00bb0&#8243; mobile_width=\u00bb0&#8243; css_animation=\u00bbbottom-t-top\u00bb width=\u00bb1\/2&#8243; column_width_pixel=\u00bb480&#8243; uncode_shortcode_id=\u00bb940379&#8243;][vc_custom_heading text_size=\u00bbh1&#8243; text_transform=\u00bbuppercase\u00bb uncode_shortcode_id=\u00bb177425&#8243;]NATURALIDAD[\/vc_custom_heading][vc_column_text text_lead=\u00bbyes\u00bb uncode_shortcode_id=\u00bb201413&#8243;]Los aceites vegetales y esenciales son el \u00fanico producto de dermocosm\u00e9tica que se encuentra en la naturaleza sin tener que ser procesado qu\u00edmicamente. Nuestra l\u00ednea est\u00e1 formulada exclusivamente con elementos que aportan principios activos. Nuestros productos son 100% naturales, 100% veganos y con origen 100% controlado.[\/vc_column_text][\/vc_column][\/vc_row][vc_row unlock_row_content=\u00bbyes\u00bb row_height_percent=\u00bb0&#8243; override_padding=\u00bbyes\u00bb h_padding=\u00bb0&#8243; top_padding=\u00bb0&#8243; bottom_padding=\u00bb0&#8243; back_color=\u00bbcolor-433643&#8243; overlay_alpha=\u00bb50&#8243; equal_height=\u00bbyes\u00bb gutter_size=\u00bb0&#8243; column_width_percent=\u00bb100&#8243; shift_y=\u00bb0&#8243; z_index=\u00bb0&#8243; uncode_shortcode_id=\u00bb774058&#8243; back_color_type=\u00bbuncode-palette\u00bb][vc_column column_width_use_pixel=\u00bbyes\u00bb gutter_size=\u00bb3&#8243; override_padding=\u00bbyes\u00bb column_padding=\u00bb5&#8243; overlay_alpha=\u00bb50&#8243; shift_x=\u00bb0&#8243; shift_y=\u00bb0&#8243; shift_y_down=\u00bb0&#8243; z_index=\u00bb0&#8243; medium_width=\u00bb0&#8243; mobile_width=\u00bb0&#8243; css_animation=\u00bbbottom-t-top\u00bb width=\u00bb1\/2&#8243; column_width_pixel=\u00bb480&#8243; uncode_shortcode_id=\u00bb130682&#8243;][vc_custom_heading text_size=\u00bbh1&#8243; text_transform=\u00bbuppercase\u00bb uncode_shortcode_id=\u00bb154389&#8243;]SENSORIALIDAD[\/vc_custom_heading][vc_column_text text_lead=\u00bbyes\u00bb uncode_shortcode_id=\u00bb176468&#8243;]Derm\u00c0nima es un placer para los sentidos. Las rutinas de cuidado para la piel se convierten en un ritual de bienestar global gracias a los efectos de la aromaterapia con propiedades ajustadas a cada l\u00ednea de nuestros productos: relajante, equilibrante y estimulante.[\/vc_column_text][\/vc_column][vc_column column_width_percent=\u00bb100&#8243; gutter_size=\u00bb3&#8243; back_image=\u00bb93&#8243; overlay_alpha=\u00bb50&#8243; shift_x=\u00bb0&#8243; shift_y=\u00bb0&#8243; shift_y_down=\u00bb0&#8243; z_index=\u00bb0&#8243; medium_width=\u00bb0&#8243; mobile_width=\u00bb0&#8243; width=\u00bb1\/2&#8243; mobile_height=\u00bb340&#8243; uncode_shortcode_id=\u00bb107290&#8243;][\/vc_column][\/vc_row][vc_row][vc_column column_width_percent=\u00bb100&#8243; position_vertical=\u00bbmiddle\u00bb align_horizontal=\u00bbalign_center\u00bb gutter_size=\u00bb3&#8243; override_padding=\u00bbyes\u00bb column_padding=\u00bb5&#8243; overlay_alpha=\u00bb50&#8243; shift_x=\u00bb0&#8243; shift_y=\u00bb0&#8243; shift_y_down=\u00bb0&#8243; z_index=\u00bb0&#8243; medium_width=\u00bb0&#8243; mobile_width=\u00bb0&#8243; width=\u00bb1\/1&#8243; uncode_shortcode_id=\u00bb165446&#8243;][vc_column_text uncode_shortcode_id=\u00bb139481&#8243;]<\/p>\n<h3 id=\"tw-target-text\" class=\"tw-data-text tw-text-large tw-ta\" dir=\"ltr\" data-placeholder=\"Traducci\u00f3n\"><span class=\"Y2IQFc\" lang=\"ca\">Cu\u00e9ntanos tu experiencia con nuestros productos<\/span><\/h3>\n<p>[\/vc_column_text][vc_button border_width=\u00bb0&#8243; link=\u00bburl:https%3A%2F%2Fdermanima.com%2Fes%2Ffeed-back%2F|title:feed%20back|\u00bb uncode_shortcode_id=\u00bb119183&#8243;]Feedback[\/vc_button][\/vc_column][\/vc_row]<\/p>\n<\/div>","protected":false},"excerpt":{"rendered":"<p>[vc_row row_height_percent=\u00bb70&#8243; back_color=\u00bbcolor-wayh\u00bb overlay_alpha=\u00bb50&#8243; gutter_size=\u00bb3&#8243; column_width_percent=\u00bb100&#8243; shift_y=\u00bb0&#8243; z_index=\u00bb0&#8243; uncode_shortcode_id=\u00bb903123&#8243; back_color_type=\u00bbuncode-palette\u00bb][vc_column width=\u00bb1\/1&#8243;][uncode_slider slider_type=\u00bbfade\u00bb slider_interval=\u00bb5000&#8243; slider_navspeed=\u00bb400&#8243; slider_loop=\u00bbyes\u00bb slider_hide_arrows=\u00bbyes\u00bb][vc_row_inner row_inner_height_percent=\u00bb0&#8243; back_color=\u00bbaccent\u00bb back_image=\u00bb2075&#8243; overlay_color=\u00bbaccent\u00bb [&hellip;]<\/p>\n","protected":false},"author":1,"featured_media":0,"parent":0,"menu_order":0,"comment_status":"closed","ping_status":"closed","template":"","meta":{"inline_featured_image":false,"footnotes":""},"class_list":["post-659","page","type-page","status-publish","hentry"],"jetpack_sharing_enabled":true,"_links":{"self":[{"href":"https:\/\/dermanima.com\/es\/wp-json\/wp\/v2\/pages\/659","targetHints":{"allow":["GET"]}}],"collection":[{"href":"https:\/\/dermanima.com\/es\/wp-json\/wp\/v2\/pages"}],"about":[{"href":"https:\/\/dermanima.com\/es\/wp-json\/wp\/v2\/types\/page"}],"author":[{"embeddable":true,"href":"https:\/\/dermanima.com\/es\/wp-json\/wp\/v2\/users\/1"}],"replies":[{"embeddable":true,"href":"https:\/\/dermanima.com\/es\/wp-json\/wp\/v2\/comments?post=659"}],"version-history":[{"count":19,"href":"https:\/\/dermanima.com\/es\/wp-json\/wp\/v2\/pages\/659\/revisions"}],"predecessor-version":[{"id":2087,"href":"https:\/\/dermanima.com\/es\/wp-json\/wp\/v2\/pages\/659\/revisions\/2087"}],"wp:attachment":[{"href":"https:\/\/dermanima.com\/es\/wp-json\/wp\/v2\/media?parent=659"}],"curies":[{"name":"wp","href":"https:\/\/api.w.org\/{rel}","templated":true}]}}