{"id":665,"date":"2023-02-05T16:48:28","date_gmt":"2023-02-05T16:48:28","guid":{"rendered":"https:\/\/dermanima.com\/que-es-dermanima\/"},"modified":"2023-02-05T16:48:29","modified_gmt":"2023-02-05T16:48:29","slug":"que-es-dermanima","status":"publish","type":"page","link":"https:\/\/dermanima.com\/es\/que-es-dermanima\/","title":{"rendered":"Que \u00e9s Derm\u00c0nima?"},"content":{"rendered":"<div class=\"wpb-content-wrapper\"><p>[vc_row row_height_percent=\u00bb40&#8243; back_color=\u00bbcolor-wayh\u00bb overlay_alpha=\u00bb50&#8243; gutter_size=\u00bb3&#8243; column_width_percent=\u00bb100&#8243; shift_y=\u00bb0&#8243; z_index=\u00bb0&#8243; uncode_shortcode_id=\u00bb214661&#8243; back_color_type=\u00bbuncode-palette\u00bb row_height_pixel=\u00bb400&#8243;][vc_column width=\u00bb1\/1&#8243;][uncode_slider slider_type=\u00bbfade\u00bb slider_interval=\u00bb5000&#8243; slider_navspeed=\u00bb400&#8243; slider_hide_arrows=\u00bbyes\u00bb][vc_row_inner row_inner_height_percent=\u00bb0&#8243; back_color=\u00bbcolor-wayh\u00bb back_image=\u00bb156&#8243; overlay_color=\u00bbcolor-wayh\u00bb overlay_alpha=\u00bb0&#8243; gutter_size=\u00bb3&#8243; shift_y=\u00bb0&#8243; z_index=\u00bb0&#8243; uncode_shortcode_id=\u00bb174098&#8243; back_color_type=\u00bbuncode-palette\u00bb overlay_color_type=\u00bbuncode-palette\u00bb row_height_pixel=\u00bb300&#8243;][vc_column_inner column_width_percent=\u00bb100&#8243; position_vertical=\u00bbmiddle\u00bb align_horizontal=\u00bbalign_center\u00bb gutter_size=\u00bb3&#8243; style=\u00bbdark\u00bb overlay_alpha=\u00bb50&#8243; shift_x=\u00bb0&#8243; shift_y=\u00bb0&#8243; shift_y_down=\u00bb0&#8243; z_index=\u00bb0&#8243; medium_width=\u00bb0&#8243; mobile_width=\u00bb0&#8243; zoom_width=\u00bb0&#8243; zoom_height=\u00bb0&#8243; width=\u00bb1\/1&#8243;][vc_empty_space empty_h=\u00bb5&#8243; mobile_visibility=\u00bbyes\u00bb][vc_empty_space empty_h=\u00bb5&#8243; medium_visibility=\u00bbyes\u00bb mobile_visibility=\u00bbyes\u00bb][vc_empty_space empty_h=\u00bb3&#8243; desktop_visibility=\u00bbyes\u00bb medium_visibility=\u00bbyes\u00bb][\/vc_column_inner][\/vc_row_inner][\/uncode_slider][\/vc_column][\/vc_row][vc_row row_height_percent=\u00bb0&#8243; override_padding=\u00bbyes\u00bb h_padding=\u00bb2&#8243; top_padding=\u00bb4&#8243; bottom_padding=\u00bb4&#8243; overlay_alpha=\u00bb50&#8243; gutter_size=\u00bb3&#8243; column_width_percent=\u00bb100&#8243; shift_y=\u00bb0&#8243; z_index=\u00bb0&#8243; uncode_shortcode_id=\u00bb206407&#8243; el_class=\u00bbborderbottom\u00bb][vc_column column_width_percent=\u00bb100&#8243; align_horizontal=\u00bbalign_center\u00bb gutter_size=\u00bb3&#8243; overlay_alpha=\u00bb50&#8243; shift_x=\u00bb0&#8243; shift_y=\u00bb0&#8243; shift_y_down=\u00bb0&#8243; z_index=\u00bb0&#8243; align_medium=\u00bbalign_left_tablet\u00bb medium_width=\u00bb0&#8243; align_mobile=\u00bbalign_left_mobile\u00bb mobile_width=\u00bb0&#8243; width=\u00bb1\/1&#8243; uncode_shortcode_id=\u00bb161896&#8243;][vc_custom_heading heading_semantic=\u00bbh1&#8243; text_size=\u00bbh1&#8243; text_transform=\u00bbuppercase\u00bb uncode_shortcode_id=\u00bb965720&#8243;]Que \u00e9s Derm\u00c0nima?[\/vc_custom_heading][vc_column_text text_lead=\u00bbyes\u00bb uncode_shortcode_id=\u00bb128351&#8243;]Derm\u00c0nima es la dermocosm\u00e9tica que tu piel necesita.[\/vc_column_text][\/vc_column][\/vc_row][vc_row unlock_row_content=\u00bbyes\u00bb row_height_percent=\u00bb0&#8243; override_padding=\u00bbyes\u00bb h_padding=\u00bb0&#8243; top_padding=\u00bb0&#8243; bottom_padding=\u00bb0&#8243; back_color=\u00bbcolor-xsdn\u00bb overlay_alpha=\u00bb50&#8243; equal_height=\u00bbyes\u00bb gutter_size=\u00bb0&#8243; column_width_percent=\u00bb100&#8243; shift_y=\u00bb0&#8243; z_index=\u00bb0&#8243; inverted_device_order=\u00bbyes\u00bb uncode_shortcode_id=\u00bb599052&#8243; back_color_type=\u00bbuncode-palette\u00bb el_class=\u00bbinverted-device-order\u00bb][vc_column column_width_percent=\u00bb100&#8243; gutter_size=\u00bb3&#8243; back_image=\u00bb157&#8243; overlay_alpha=\u00bb50&#8243; shift_x=\u00bb0&#8243; shift_y=\u00bb0&#8243; shift_y_down=\u00bb0&#8243; z_index=\u00bb0&#8243; medium_width=\u00bb0&#8243; mobile_width=\u00bb0&#8243; width=\u00bb1\/2&#8243; mobile_height=\u00bb340&#8243; uncode_shortcode_id=\u00bb204533&#8243;][\/vc_column][vc_column column_width_use_pixel=\u00bbyes\u00bb gutter_size=\u00bb3&#8243; override_padding=\u00bbyes\u00bb column_padding=\u00bb5&#8243; overlay_alpha=\u00bb50&#8243; shift_x=\u00bb0&#8243; shift_y=\u00bb0&#8243; shift_y_down=\u00bb0&#8243; z_index=\u00bb0&#8243; medium_width=\u00bb0&#8243; mobile_width=\u00bb0&#8243; css_animation=\u00bbbottom-t-top\u00bb width=\u00bb1\/2&#8243; column_width_pixel=\u00bb480&#8243; uncode_shortcode_id=\u00bb759886&#8243;][vc_custom_heading text_size=\u00bbfontsize-950267&#8243; text_transform=\u00bbuppercase\u00bb uncode_shortcode_id=\u00bb186217&#8243;]M\u00c1S ALL\u00c1 DE SER, ESTAR.[\/vc_custom_heading][vc_column_text text_lead=\u00bbyes\u00bb uncode_shortcode_id=\u00bb388126&#8243;]La piel es un elemento vivo y variable, y ya es hora de dejar atr\u00e1s todos los conceptos cl\u00e1sicos y r\u00edgidos que etiquetan tipos de piel en categor\u00edas inamovibles. Rechaza los encasillamientos y cu\u00eddate dependiendo de c\u00f3mo est\u00e1s en cada momento, sin clasificarte.<\/p>\n<p>Bajo este concepto nace Derm\u00c0nima, una l\u00ednea dermocosm\u00e9tica de \u00faltima generaci\u00f3n que quiere cubrir las necesidades reales de cada persona de forma responsable, exigente y universal. Al frente del proyecto, la Dra. Silvia Lleal, y a su lado, un equipo farmac\u00e9utico experto en dermocosm\u00e9tica, con el que ha formulado toda la gama de productos con el m\u00e1ximo rigor y detalle.<\/p>\n<p>Derm\u00c0nima une l\u00f3gica m\u00e9dica, know-how farmacol\u00f3gico, elegancia sofisticada e innovaci\u00f3n cient\u00edfica para un bienestar global.[\/vc_column_text][\/vc_column][\/vc_row][vc_row unlock_row_content=\u00bbyes\u00bb row_height_percent=\u00bb0&#8243; override_padding=\u00bbyes\u00bb h_padding=\u00bb0&#8243; top_padding=\u00bb0&#8243; bottom_padding=\u00bb0&#8243; back_color=\u00bbcolor-433643&#8243; overlay_alpha=\u00bb50&#8243; equal_height=\u00bbyes\u00bb gutter_size=\u00bb0&#8243; column_width_percent=\u00bb100&#8243; shift_y=\u00bb0&#8243; z_index=\u00bb0&#8243; uncode_shortcode_id=\u00bb157952&#8243; back_color_type=\u00bbuncode-palette\u00bb][vc_column column_width_use_pixel=\u00bbyes\u00bb gutter_size=\u00bb3&#8243; override_padding=\u00bbyes\u00bb column_padding=\u00bb5&#8243; overlay_alpha=\u00bb50&#8243; shift_x=\u00bb0&#8243; shift_y=\u00bb0&#8243; shift_y_down=\u00bb0&#8243; z_index=\u00bb0&#8243; medium_width=\u00bb0&#8243; mobile_width=\u00bb0&#8243; css_animation=\u00bbbottom-t-top\u00bb width=\u00bb1\/2&#8243; column_width_pixel=\u00bb480&#8243; uncode_shortcode_id=\u00bb975748&#8243;][vc_custom_heading text_size=\u00bbfontsize-950267&#8243; text_transform=\u00bbuppercase\u00bb uncode_shortcode_id=\u00bb561106&#8243;]\u00bfPOR QU\u00c9 DERM\u00c0NIMA ES \u00daNICA?[\/vc_custom_heading][vc_column_text text_lead=\u00bbyes\u00bb uncode_shortcode_id=\u00bb710262&#8243;]Nuestra gama de productos es mucho m\u00e1s que cosm\u00e9tica. Se centra en dar soluciones cient\u00edficas, innovadoras y multifac\u00e9ticas a las necesidades dermatol\u00f3gicas de cada paciente. Derm\u00c0nima es cuidar tu salud de forma transversal, es abrazar todas las edades y todos los estados de la piel, y es poder adaptar tu rutina facial de forma espec\u00edfica a las exigencias de cada momento.<\/p>\n<p>El estado de la piel var\u00eda en funci\u00f3n del instante en el que se encuentra cada persona. Derm\u00c0nima rompemos con las etiquetas r\u00edgidas de tipos de piel y respondemos a los requisitos de esta en funci\u00f3n del estilo de vida, el clima y los h\u00e1bitos. Su formulaci\u00f3n combina la innovaci\u00f3n cient\u00edfica de \u00faltima generaci\u00f3n con las propiedades de aceites esenciales de flores y plantas de la Provenza francesa.[\/vc_column_text][\/vc_column][vc_column column_width_percent=\u00bb100&#8243; gutter_size=\u00bb3&#8243; back_image=\u00bb158&#8243; back_position=\u00bbcenter top\u00bb overlay_alpha=\u00bb50&#8243; shift_x=\u00bb0&#8243; shift_y=\u00bb0&#8243; shift_y_down=\u00bb0&#8243; z_index=\u00bb0&#8243; medium_width=\u00bb0&#8243; mobile_width=\u00bb0&#8243; width=\u00bb1\/2&#8243; mobile_height=\u00bb340&#8243; uncode_shortcode_id=\u00bb906744&#8243;][\/vc_column][\/vc_row][vc_row row_height_percent=\u00bb0&#8243; override_padding=\u00bbyes\u00bb h_padding=\u00bb2&#8243; top_padding=\u00bb4&#8243; bottom_padding=\u00bb4&#8243; back_color=\u00bbcolor-151508&#8243; overlay_alpha=\u00bb50&#8243; gutter_size=\u00bb3&#8243; column_width_percent=\u00bb100&#8243; shift_y=\u00bb0&#8243; z_index=\u00bb0&#8243; uncode_shortcode_id=\u00bb331640&#8243; back_color_type=\u00bbuncode-palette\u00bb][vc_column column_width_percent=\u00bb100&#8243; align_horizontal=\u00bbalign_center\u00bb gutter_size=\u00bb3&#8243; overlay_alpha=\u00bb50&#8243; shift_x=\u00bb0&#8243; shift_y=\u00bb0&#8243; shift_y_down=\u00bb0&#8243; z_index=\u00bb0&#8243; medium_width=\u00bb0&#8243; mobile_width=\u00bb0&#8243; width=\u00bb1\/1&#8243; uncode_shortcode_id=\u00bb799058&#8243;][vc_custom_heading heading_semantic=\u00bbh3&#8243; text_transform=\u00bbuppercase\u00bb uncode_shortcode_id=\u00bb113054&#8243;]DERM\u00c0NIMA ES LA REINVENCI\u00d3N DE LA DERMOCOSM\u00c9TICA LIBRE DE QU\u00cdMICOS, ES LA UNI\u00d3N DE CIENCIA, NATURALEZA Y PROGRESO.[\/vc_custom_heading][\/vc_column][\/vc_row]<\/p>\n<\/div>","protected":false},"excerpt":{"rendered":"<p>[vc_row row_height_percent=\u00bb40&#8243; back_color=\u00bbcolor-wayh\u00bb overlay_alpha=\u00bb50&#8243; gutter_size=\u00bb3&#8243; column_width_percent=\u00bb100&#8243; shift_y=\u00bb0&#8243; z_index=\u00bb0&#8243; uncode_shortcode_id=\u00bb214661&#8243; back_color_type=\u00bbuncode-palette\u00bb row_height_pixel=\u00bb400&#8243;][vc_column width=\u00bb1\/1&#8243;][uncode_slider slider_type=\u00bbfade\u00bb slider_interval=\u00bb5000&#8243; slider_navspeed=\u00bb400&#8243; slider_hide_arrows=\u00bbyes\u00bb][vc_row_inner row_inner_height_percent=\u00bb0&#8243; back_color=\u00bbcolor-wayh\u00bb back_image=\u00bb156&#8243; overlay_color=\u00bbcolor-wayh\u00bb [&hellip;]<\/p>\n","protected":false},"author":1,"featured_media":0,"parent":0,"menu_order":0,"comment_status":"closed","ping_status":"closed","template":"","meta":{"inline_featured_image":false,"footnotes":""},"class_list":["post-665","page","type-page","status-publish","hentry"],"jetpack_sharing_enabled":true,"_links":{"self":[{"href":"https:\/\/dermanima.com\/es\/wp-json\/wp\/v2\/pages\/665","targetHints":{"allow":["GET"]}}],"collection":[{"href":"https:\/\/dermanima.com\/es\/wp-json\/wp\/v2\/pages"}],"about":[{"href":"https:\/\/dermanima.com\/es\/wp-json\/wp\/v2\/types\/page"}],"author":[{"embeddable":true,"href":"https:\/\/dermanima.com\/es\/wp-json\/wp\/v2\/users\/1"}],"replies":[{"embeddable":true,"href":"https:\/\/dermanima.com\/es\/wp-json\/wp\/v2\/comments?post=665"}],"version-history":[{"count":4,"href":"https:\/\/dermanima.com\/es\/wp-json\/wp\/v2\/pages\/665\/revisions"}],"predecessor-version":[{"id":669,"href":"https:\/\/dermanima.com\/es\/wp-json\/wp\/v2\/pages\/665\/revisions\/669"}],"wp:attachment":[{"href":"https:\/\/dermanima.com\/es\/wp-json\/wp\/v2\/media?parent=665"}],"curies":[{"name":"wp","href":"https:\/\/api.w.org\/{rel}","templated":true}]}}