{"id":702,"date":"2023-02-05T18:10:06","date_gmt":"2023-02-05T18:10:06","guid":{"rendered":"https:\/\/dermanima.com\/politica-de-privacidad\/"},"modified":"2023-02-05T18:10:06","modified_gmt":"2023-02-05T18:10:06","slug":"politica-de-privacidad","status":"publish","type":"page","link":"https:\/\/dermanima.com\/es\/politica-de-privacidad\/","title":{"rendered":"POL\u00cdTICA DE PRIVACIDAD"},"content":{"rendered":"&#13;\n<p class=\"p1\">La entidad responsable del tratamiento de sus datos personales obtenidos a trav\u00e9s de nuestro sitio web (\u201cNuestro Portal de Internet\u201d) y en las condiciones previstas en la presente Pol\u00edtica de Protecci\u00f3n de Datos Personales es la sucursal de Cliniessentiel S.L. cuyo domicilio social se encuentra en el n\u00famero 11 de la calle Josep Balari de Barcelona (Espa\u00f1a). La obtenci\u00f3n de sus datos personales se realizar\u00e1 de conformidad con las disposiciones previstas en la legislaci\u00f3n aplicable en materia de protecci\u00f3n de datos.<\/p>&#13;\n<p class=\"p1\">La presente Pol\u00edtica de Protecci\u00f3n de Datos Personales,\u00a0es aplicable a los datos que recopilamos cuando utiliza Nuestro Portal de Internet y nuestra aplicaci\u00f3n, describe los tipos de datos personales que recopilamos del usuario y detalla la forma en que utilizamos, revelamos, compartimos y transferimos tales datos, as\u00ed como las opciones de que dispone al respecto. Asimismo, describe las medidas que adoptamos para salvaguardar la seguridad de tales datos, y la forma en que puede ponerse en contacto con nosotros en relaci\u00f3n con nuestras pr\u00e1cticas en materia de protecci\u00f3n de datos personales. Le rogamos que lea atentamente la presente Pol\u00edtica de Protecci\u00f3n de Datos Personales. Si no desea que utilicemos sus datos personales en la forma que se describe en la presente Pol\u00edtica de Protecci\u00f3n de Datos Personales, es posible que no podamos atender a algunas de sus peticiones.<\/p>&#13;\n<p class=\"p1\">Le pedimos que revise peri\u00f3dicamente la presente Pol\u00edtica de Protecci\u00f3n de Datos Personales para que se mantenga al d\u00eda sobre posibles modificaciones de la misma, en particular modificaciones relativas a la obtenci\u00f3n y a las condiciones del tratamiento de sus datos personales. Ahora bien, le informaremos de estas modificaciones de forma anticipada.<\/p>&#13;\n<p class=\"p1\">Si desea que actualicemos la informaci\u00f3n que disponemos sobre Ud. o sus preferencias, en particular si deseara darse de baja de nuestras listas de distribuci\u00f3n, retirar su consentimiento al tratamiento de sus datos personales, oponerse a dicho tratamiento o si tuviera cualquier pregunta relativa a la protecci\u00f3n de sus datos personales, le rogamos se ponga en contacto con nosotros por correo electr\u00f3nico a trav\u00e9s de la direcci\u00f3n <span class=\"s1\">doctoralleal@gmail.com<\/span>\u00a0o bien por correo postal en la direcci\u00f3n que se se\u00f1ala a continuaci\u00f3n:<\/p>&#13;\n<p class=\"p1\">Cliniessentiel<\/p>&#13;\n<p class=\"p1\">C\/ Josep Balari 11\u00a0<\/p>&#13;\n<p class=\"p1\">08022 Barcelona<\/p>&#13;\n<p class=\"p1\">Tambi\u00e9n puede contactar con nuestro Delegado de Protecci\u00f3n de Datos por correo electr\u00f3nico a trav\u00e9s de la siguiente direcci\u00f3n:\u00a0<a href=\"mailto:doctoralleal@gmail.com\"><span class=\"s1\">doctoralleal@gmail.com<\/span><\/a><\/p>&#13;\n<p>\u00a0<\/p>&#13;\n<h3 class=\"p1 wp-block-heading\"><span class=\"s1\">RECOPILACI\u00d3N DE SUS DATOS PERSONALES<\/span><\/h3>&#13;\n<p class=\"p1\">Podemos recopilar sus datos personales de distintas formas, en particular cuando visita nuestras tiendas, participa en nuestros eventos, accede a nuestro contenido en Internet o utiliza nuestras aplicaciones para m\u00f3viles. Por ejemplo, cuando se inscribe como miembro y\/o se adhiere a nuestro programa de fidelidad, antes de que pueda realizar una compra a trav\u00e9s de Internet, cuando participa en cualquier concurso o promoci\u00f3n, participa en cualquier actividad que organizamos a trav\u00e9s de cualquier estudio o encuesta mediante nuestras aplicaciones y redes sociales, cuando se suscribe a nuestro bolet\u00edn, solicita un cat\u00e1logo, accede a cualquier p\u00e1gina premium de acceso restringido, se inscribe para cualquier evento, o cuando se pone en contacto con nosotros por tel\u00e9fono o a trav\u00e9s del correo electr\u00f3nico.<\/p>&#13;\n<p class=\"p1\">Tambi\u00e9n podemos vincular y\/o combinar la informaci\u00f3n que recopilamos sobre Ud. a trav\u00e9s de los distintos dispositivos que utiliza.<\/p>&#13;\n<p class=\"p1\">Recopilamos los siguientes tipos de informaci\u00f3n de car\u00e1cter personal:<\/p>&#13;\n<p class=\"p1\">a) Datos de registro o inscripci\u00f3n (nombre, direcci\u00f3n postal, direcci\u00f3n de correo electr\u00f3nico, n\u00famero de tel\u00e9fono m\u00f3vil o cualquier otro n\u00famero de tel\u00e9fono);<\/p>&#13;\n<p class=\"p1\">b) Nombres de usuario y contrase\u00f1as;<\/p>&#13;\n<p class=\"p1\">c) Datos personales (fecha de nacimiento, sexo, idioma preferido y perfil de belleza, como tipo de piel);<\/p>&#13;\n<p class=\"p1\">d) Su inter\u00e9s y experiencia con nuestros productos y con productos de naturaleza similar;<\/p>&#13;\n<p class=\"p1\">e) Datos de pago (n\u00famero de tarjeta bancaria, fecha de vencimiento, n\u00famero de autorizaci\u00f3n, c\u00f3digo de seguridad, direcci\u00f3n de entrega y direcci\u00f3n de facturaci\u00f3n);<\/p>&#13;\n<p class=\"p1\">f) Informaci\u00f3n sobre compras y operaciones (tipo y n\u00famero de productos adquiridos y devueltos);<\/p>&#13;\n<p class=\"p1\">g) Informaci\u00f3n, encuestas y comentarios del departamento de servicio de atenci\u00f3n al cliente, e informaci\u00f3n compartida con dicho departamento;<\/p>&#13;\n<p class=\"p1\">h) Fotograf\u00edas, v\u00eddeos y comentarios facilitados Ud.;<\/p>&#13;\n<p class=\"p1\">i) Informaci\u00f3n de contacto que facilite a Derm\u00c0nima relativa a sus amistades u otras personas con las le gustar\u00eda que nos pusi\u00e9ramos en contacto (nombre, direcci\u00f3n de entrega, direcci\u00f3n de correo electr\u00f3nico, n\u00famero de tel\u00e9fono m\u00f3vil y\/u otros n\u00fameros de tel\u00e9fono);<\/p>&#13;\n<p class=\"p1\">j) Sus datos publicados en redes sociales, en aquellos casos en los que opte por conectarse a cualquiera de nuestros sitios web utilizando los datos de acceso de tales redes;<\/p>&#13;\n<p class=\"p1\">k) Datos relativos a Ud. provenientes de fuentes disponibles al p\u00fablico, incluyendo contenido disponible p\u00fablicamente en de redes sociales;<\/p>&#13;\n<p class=\"p1\">l) Cualquier otra informaci\u00f3n que Ud. nos solicitara con ocasi\u00f3n de una solicitud a cualquiera de nuestros departamentos; y<\/p>&#13;\n<p class=\"p1\">Asimismo, y tal y como explicamos en nuestra Pol\u00edtica sobre Cookies, podemos recopilar cierta informaci\u00f3n y rastrear su actividad en l\u00ednea, as\u00ed como los datos asociados a su dispositivo y a su sistema operativo, su direcci\u00f3n IP, las p\u00e1ginas web o anuncios que visualiza, detalles sobre sus visitas a nuestro contenido en Internet y redes sociales, identificadores publicitarios u otros similares, y sobre su actividad en Internet recogida por medios automatizados, tales como nuestras cookies propias, de terceros, servidores web, p\u00edxeles y etiquetas web, y por medios demogr\u00e1ficos, vinculados a sus \u00e1reas y contenidos de inter\u00e9s, cuando visualiza nuestros contenidos, utiliza nuestras aplicaciones o redes sociales, contacta con nosotros a trav\u00e9s de cualquier medio o aplicaci\u00f3n, abre los mensajes de correo electr\u00f3nico que le enviamos o que le remiten terceros en nuestro nombre, y cuando visita las p\u00e1ginas y redes de Internet de terceros en los que se muestra nuestra publicidad. Podemos establecer v\u00ednculos entre los datos recopilados a trav\u00e9s de medios automatizados, por ejemplo sus datos y su historial de navegaci\u00f3n, y otros datos que pudi\u00e9ramos haber obtenido en relaci\u00f3n con su persona.<\/p>&#13;\n<p class=\"p1\">Los proveedores de aplicaciones, herramientas, gadgets y complementos (plug-ins) de terceros dispuestos en nuestros sitios y aplicaciones de Internet, as\u00ed como en sitios de Internet y redes de terceros en los que se exhibieran nuestros anuncios (tales como redes publicitarias, colaboradores de publicidad digital y redes sociales) podr\u00e1n asimismo utilizar medios automatizados y herramientas demogr\u00e1ficas vinculadas a \u00e1reas y contextos de inter\u00e9s, con el objeto de recopilar datos que le conciernen, tales como su interacci\u00f3n con tales funciones, mientras se rastrea su actividad en l\u00ednea, de forma permanente y a trav\u00e9s de sitios web de terceros. Dichos datos son recopilados directamente por dichos terceros (de forma adicional a los datos que nosotros recopilamos), estando sujetos a su propia pol\u00edtica en la materia. En la medida en que as\u00ed lo permitiera la legislaci\u00f3n aplicable, no seremos responsable de las pr\u00e1cticas de tales terceros y proveedores.<\/p>&#13;\n<p class=\"p1\">Si no est\u00e1 conforme con que recopilemos los datos concernientes a Ud. referidos anteriormente, es posible que no podamos prestarle ciertos servicios, incluyendo los que se identifican en la presente Pol\u00edtica de Protecci\u00f3n de Datos Personales.<\/p>&#13;\n<p class=\"p1\">\u00a0<\/p>&#13;\n<h3 class=\"p1\"><span class=\"s1\">INFORMACI\u00d3N QUE COMPARTIMOS<\/span><\/h3>&#13;\n<p class=\"p1\">No compartimos los datos personales que recopilamos sobre Ud., salvo en los siguientes supuestos:<\/p>&#13;\n<p class=\"p1\">a. dentro del propio grupo Essentiel.<\/p>&#13;\n<p class=\"p1\">b. con proveedores de servicios que prestan servicios en nuestro nombre o que nos ayudan con el mantenimiento y\/o mejora de nuestros sitios de Internet, la gesti\u00f3n de nuestro programa de fidelizaci\u00f3n, as\u00ed como en la distribuci\u00f3n, mejora y\/ o marketing de los productos y servicios que le ofrecemos, incluyendo con aquellas entidades responsables de la tramitaci\u00f3n de pedidos y aquellas otras que nos prestan servicios de alojamiento de p\u00e1ginas web, almacenamiento de informaci\u00f3n, proveedores de servicios de correo electr\u00f3nico, servicios de marketing incluyendo servicios de mercadotecnia directa, servicios de investigaci\u00f3n y an\u00e1lisis, as\u00ed como servicios de gesti\u00f3n de etiquetas tales como Google Analytics y Adobe Analytics.\u00a0<\/p>&#13;\n<p class=\"p1\">c. En el caso en el que expl\u00edcitamente haya\u00a0expresado que tus datos puedan ser compartidos con terceros y haya dado su consentimiento a tal efecto.<\/p>&#13;\n<p class=\"p1\">d. en aquellos casos en que la ley nos exija hacerlo;<\/p>&#13;\n<p class=\"p1\">e. con las fuerzas de orden p\u00fablico, representantes del gobierno u otros terceros a causa de cualquier resoluci\u00f3n, procedimiento o requerimiento judicial o administrativo;<\/p>&#13;\n<p class=\"p1\">f. en aquellos casos en que entendi\u00e9ramos que dicha revelaci\u00f3n es necesaria o adecuada a efectos de impedir cualquier da\u00f1o f\u00edsico, p\u00e9rdida financiero o fraude que pudiera afectarle a Ud. o a nosotros; al objeto de impedir o denunciar cualquier actividad il\u00edcita; para salvaguardar los derechos de propiedad de cualquier persona, o la seguridad de cualquier persona, incluyendo la nuestra, o en aplicaci\u00f3n de nuestros T\u00e9rminos y Condiciones o de cualquier otro acuerdo o contrato existente con Ud.;<\/p>&#13;\n<p class=\"p1\">g. con ocasi\u00f3n de la venta de la totalidad o de cualquier parte de nuestra compa\u00f1\u00eda y sus activos a un tercero, o en el marco de cualquier restructuraci\u00f3n o reorganizaci\u00f3n de nuestro negocio (incluyendo en un supuesto de disoluci\u00f3n o liquidaci\u00f3n); y<\/p>&#13;\n<p class=\"p1\">h. cuando Ud. preste su consentimiento para dicha revelaci\u00f3n en cualquier otra forma, o nos solicite que compartamos su informaci\u00f3n con terceros.<\/p>&#13;\n<p class=\"p1\">Podemos compartir informaci\u00f3n agregada y\/o an\u00f3nima que no le identifica a efectos de atender a nuestros propios intereses comerciales o los de nuestros socios, lo que incluye en particular el n\u00famero de visitantes a Nuestro Portal de Internet y el n\u00famero de clics en nuestros mensajes y\/o correos electr\u00f3nicos publicitarios.<\/p>&#13;\n<p class=\"p1\">\u00a0<\/p>&#13;\n<h3 class=\"p1\"><span class=\"s1\">CESI\u00d3N DE SUS DATOS PERSONALES<\/span><\/h3>&#13;\n<p class=\"p1\">\u00a0<\/p>&#13;\n<p class=\"p1\">Para los fines mencionados, sus datos personales pueden ser transferidos, almacenados, accedidos y procesados por una o m\u00e1s de nuestras filiales del grupo o proveedores de servicios. Estas entidades est\u00e1n ubicadas en otros pa\u00edses del Espacio Econ\u00f3mico Europeo (EEE) y Suiza.<\/p>&#13;\n<p class=\"p1\">Para los fines de gesti\u00f3n y moderaci\u00f3n de revisiones de productos, servicios de soporte y mantenimiento inform\u00e1tico, prevenci\u00f3n del fraude, uso de datos en l\u00ednea y en redes sociales, sus datos podr\u00e1n ser transferidos fuera del EEE, particularmente al Reino Unido y a los Estados Unidos de Am\u00e9rica. La legislaci\u00f3n de estos pa\u00edses no ha sido objeto de una declaraci\u00f3n de adecuaci\u00f3n por parte de la Comisi\u00f3n Europea, por lo que tomamos las medidas necesarias para preservar la seguridad de sus datos personales: en particular, mediante la aplicaci\u00f3n de las cl\u00e1usulas contractuales tipo de la Comisi\u00f3n Europea y el control de las normas aplicadas por estos proveedores de servicios en materia de protecci\u00f3n y seguridad de los datos personales.<\/p>&#13;\n<p class=\"p1\">Puede obtener m\u00e1s informaci\u00f3n sobre estas garant\u00edas poni\u00e9ndose en contacto con nosotros por correo electr\u00f3nico o por correo postal en las direcciones indicadas en las secciones \u00abSus derechos\u00bb y \u00abContacto\u00bb, m\u00e1s abajo.<\/p>&#13;\n<p class=\"p1\">\u00a0<\/p>&#13;\n<h3 class=\"p1\"><span class=\"s1\">INFORMACI\u00d3N SOBRE EL PER\u00cdODO DE CONSERVACI\u00d3N<\/span><\/h3>&#13;\n<p class=\"p1\">Salvo que se indique lo contrario, conservaremos su informaci\u00f3n personal durante el tiempo estrictamente necesario para llevar a cabo las finalidades referidas anteriormente, de conformidad con la legislaci\u00f3n aplicable<\/p>&#13;\n<p class=\"p1\">Asimismo, por favor, tenga en cuenta que, en algunos supuestos, la legislaci\u00f3n vigente nos obliga a conservar sus datos a efectos de cumplir nuestras propias obligaciones legales y administrativas o durante los periodos de prescripci\u00f3n de diferentes acciones por responsabilidad. Una vez ya no necesitemos su informaci\u00f3n, la suprimiremos de nuestros ser\u00e1 anonimizada.<\/p>&#13;\n<p class=\"p1\">\u00a0<\/p>&#13;\n<h3 class=\"p1\"><span class=\"s1\">PROTECCI\u00d3N DE SUS DATOS PERSONALES<\/span><\/h3>&#13;\n<p class=\"p1\">Derm\u00c0nima tratar\u00e1 sus datos personales de manera absolutamente confidencial. Asimismo, ha implantado medidas t\u00e9cnicas y organizativas adecuadas para garantizar la seguridad de sus datos personales y evitar su destrucci\u00f3n, p\u00e9rdida, acceso il\u00edcito o alteraci\u00f3n il\u00edcita. A la hora de determinar estas medidas, se han tenido en cuenta criterios como el alcance, el contexto y los fines del tratamiento; el estado de la t\u00e9cnica y los riesgos existentes.<\/p>&#13;\n<p class=\"p1\">\u00a0<\/p>&#13;\n<h3 class=\"p1\"><span class=\"s1\">REDES SOCIALES Y CONTENIDO GENERADO POR LOS USUARIOS<\/span><\/h3>&#13;\n<p class=\"p1\">Algunos de nuestros sitios y aplicaciones permiten a los usuarios publicar su propio contenido. Por favor, tenga en cuenta que cualquier contenido publicado en nuestras redes sociales podr\u00e1 ser visto por el p\u00fablico. En consecuencia, deber\u00e1 estar atento a la publicaci\u00f3n de informaci\u00f3n personal en dichas plataformas, por ejemplo, cualquier informaci\u00f3n financiera sobre su persona, su direcci\u00f3n o sus posibles problemas de salud. Essentiel no responder\u00e1 por cualesquiera actuaciones de otras personas en aquellos casos en que Ud. hubiera publicado informaci\u00f3n personal en cualquiera de nuestras redes sociales.<\/p>&#13;\n<p class=\"p1\">\u00a0<\/p>&#13;\n<h3 class=\"p1\"><span class=\"s1\">SUS DERECHOS<\/span><\/h3>&#13;\n<p class=\"p1\">Tiene el derecho y la posibilidad de corregir, actualizar y borrar la informaci\u00f3n de su cuenta online as\u00ed como sus preferencias en cualquier momento. Para ello, deber\u00e1 acceder a su cuenta y dirigirse al apartado \u201cMi Cuenta\u201d, o bien ponerse en contacto con nosotros en la forma que se indica en el apartado \u201cResponsable del tratamiento\u201d de la presente Pol\u00edtica de Protecci\u00f3n de Datos Personales.<\/p>&#13;\n<p class=\"p1\">Tambi\u00e9n puede solicitarnos que suprimamos sus datos de nuestras listas de distribuci\u00f3n, as\u00ed como ejercer su derecho a retirar su consentimiento a recibir nuestras comunicaciones de marketing directo, en cada caso en la forma que se indica en el apartado \u201cResponsable del tratamiento\u201d de la presente Pol\u00edtica de Protecci\u00f3n de Datos Personales, o bien a trav\u00e9s del enlace identificado con \u201cDarme de baja\u201d o siguiendo las instrucciones al respecto que figuran en nuestras comunicaciones.<\/p>&#13;\n<p class=\"p1\">Tenga en cuenta que podr\u00edan pasar varios d\u00edas hasta que podamos tramitar su solicitud, por lo que hasta entonces es posible que siga recibiendo comunicaciones de marketing o promocionales por v\u00eda postal o a trav\u00e9s del correo electr\u00f3nico. Su oposici\u00f3n a recibir nuestros mensajes de marketing directo no impide que le remitamos otros tipos de mensajes no publicitarios, tales como confirmaci\u00f3n de sus operaciones por correo electr\u00f3nico<\/p>&#13;\n<p class=\"p1\">Si no desea que recopilemos sus datos de ubicaci\u00f3n y\/o geolocalizaci\u00f3n, le rogamos modifique los ajustes al respecto de su dispositivo y\/o utilice las siguientes opciones<\/p>&#13;\n<p class=\"p1\">a. desactive los servicios de localizaci\u00f3n de aplicaciones espec\u00edficas para las que hubiera aceptado la obtenci\u00f3n de sus datos de ubicaci\u00f3n o geolocalizaci\u00f3n a los efectos de remitirle comunicaciones de marketing personalizadas<\/p>&#13;\n<p class=\"p1\">b. desactive los servicios de localizaci\u00f3n para todas las aplicaciones;<\/p>&#13;\n<p class=\"p1\">c. apague el bluetooth de su dispositivo;<\/p>&#13;\n<p class=\"p1\">d. Android: <a href=\"https:\/\/support.google.com\/googleplay\/answer\/3405269?hl=fr\" target=\"_blank\" rel=\"noopener\"><span class=\"s1\">https:\/\/support.google.com\/googleplay\/answer\/3405269?hl=fr<\/span><\/a>; o<\/p>&#13;\n<p class=\"p1\">e. IOS: <a href=\"https:\/\/support.apple.com\/fr-ch\/HT4228\" target=\"_blank\" rel=\"noopener\"><span class=\"s1\">https:\/\/support.apple.com\/fr-ch\/HT4228<\/span><\/a><\/p>&#13;\n<p class=\"p1\">\u00a0<\/p>&#13;\n<p class=\"p1\">Con sujeci\u00f3n en cada caso a los l\u00edmites establecidos en legislaci\u00f3n aplicable, Ud. puede:<\/p>&#13;\n<p class=\"p1\">&#8211; solicitar acceso a los datos personales de los que dispongamos sobre su persona, as\u00ed como obtener copia de los mismos,<\/p>&#13;\n<p class=\"p1\">&#8211; solicitar que subsanemos, actualicemos, limitemos o bloqueemos el acceso a cualquier dato,<\/p>&#13;\n<p class=\"p1\">&#8211; solicitar que le facilitemos los datos personales de los que dispongamos sobre su persona en un formato estructurado, de uso com\u00fan y lectura mec\u00e1nica, debiendo a tales efectos ponerse en contacto con nosotros por correo electr\u00f3nico o por carta dirigida a las direcciones que figuran en el apartado \u201cResponsable del tratamiento\u201d.<\/p>&#13;\n<p class=\"p1\">\u00a0<\/p>&#13;\n<p class=\"p1\">En aquellos casos en que as\u00ed lo permitiera la legislaci\u00f3n aplicable, podr\u00e1 retirar cualquier consentimiento que nos hubiera previamente otorgado o, en cualquier momento y por causas leg\u00edtimas, oponerse al tratamiento de sus datos personales. En tales supuestos atenderemos su solicitud y respetaremos sus preferencias. En particular, puede solicitarnos que dejemos de tratar sus datos personales para administrar sus opiniones como consumidor y responderle a preguntas (en el caso de que no est\u00e9 vinculado con nosotros por medio de una relaci\u00f3n contractual con nosotros); para comercializar, evaluar y mejorar nuestros productos; para enviarle comunicaciones a trav\u00e9s de correo postal; para registrar sus h\u00e1bitos y preferencias en relaci\u00f3n con nuestros productos y servicios; para analizar encuestas y estad\u00edsticas para mejorar nuestro servicio; para mostrarle Nuestro Portal de Internet; p\u00e1ginas, redes sociales y mensajes de correo electr\u00f3nico de la manera m\u00e1s eficiente posible; para mostrarse anuncios personalizados; para prevenir el fraude; para realizar estudios y an\u00e1lisis relativos a la eficiencia de nuestras acciones de marketing; y para analizar el uso que realizas de Nuestro Portal de Internet.\u00a0Estas directrices pueden ser presentadas directamente a CLINIESSENTIEL S.L.\u00a0o a un tercero que las enviar\u00e1 a su debido tiempo.<\/p>&#13;\n<p class=\"p1\">Tambi\u00e9n puede facilitar instrucciones sobre la forma en que hubieran de gestionarse sus datos personales tras su fallecimiento. Puede confiar tales instrucciones directamente a Essentiel\u00a0o, si lo desea, a cualquier tercero al que le haya instruido notificarnos las mismas en su momento.<\/p>&#13;\n<p class=\"p1\">Puede contactar con nuestro Delegado de Protecci\u00f3n de Datos por correo electr\u00f3nico a trav\u00e9s de la siguiente direcci\u00f3n:\u00a0<span class=\"s1\">doctoralleal@gmail.com<\/span><\/p>&#13;\n<p class=\"p1\">Puede asimismo presentar una queja ante la Autoridad de Protecci\u00f3n de Datos espa\u00f1ola (Agencia Espa\u00f1ola de Protecci\u00f3n de Datos).<\/p>&#13;\n<p class=\"p1\">\u00a0<\/p>&#13;\n<h3 class=\"p1\"><span class=\"s1\">ENLACES A SITIOS Y SERVICIOS DE TERCEROS<\/span><\/h3>&#13;\n<p class=\"p1\">Nuestros sitios web y aplicaciones pueden incluir enlaces a sitios, aplicaciones y servicios distintos de los ofrecidos por la propia Derm\u00c0nima, pudiendo ser operados por terceras empresas. Por favor, tenga en cuenta que Derm\u00c0nima\u00a0no aprueba ni es responsable del tratamiento de sus datos personales por dichos sitios web de terceros, incluso en aquellos casos en que ofreci\u00e9ramos un enlace a tales sitios. Tales terceros pueden tener sus propias pol\u00edticas de protecci\u00f3n de datos personales, cuya consulta y revisi\u00f3n le recomendamos encarecidamente. Nuestros productos y servicios pueden serle igualmente ofrecidos a trav\u00e9s de plataformas y otros canales de terceros. Declinamos cualquier responsabilidad en relaci\u00f3n con las pr\u00e1cticas en materia de protecci\u00f3n de datos personales de tales sitios, aplicaciones o servicios que no sean gestionados por\u00a0Derm\u00c0nima.<\/p>&#13;\n<p class=\"p1\">\u00a0<\/p>&#13;\n<h3 class=\"p1\"><span class=\"s1\">MODIFICACI\u00d3N DE LA PRESENTE POL\u00cdTICA DE PROTECCI\u00d3N DE DATOS PERSONALES<\/span><\/h3>&#13;\n<p class=\"p1\">La presente Pol\u00edtica de Protecci\u00f3n de Datos Personales podr\u00e1 ser actualizada de forma peri\u00f3dica a efectos de reflejar posibles cambios en nuestras pr\u00e1cticas de tratamiento de datos personales. Derm\u00c0nima\u00a0le informar\u00e1 de tales modificaciones, incluyendo la fecha en que las mismas entrar\u00e1n en vigor. Si el usuario continuara utilizando Nuestro Portal de Internet tras la fecha en que las modificaciones en cuesti\u00f3n hubieran entrado en vigor, se entender\u00e1 que el usuario acepta dichas modificaciones.<\/p>&#13;\n","protected":false},"excerpt":{"rendered":"<p>&#13; La entidad responsable del tratamiento de sus datos personales obtenidos a trav\u00e9s de nuestro sitio web (\u201cNuestro Portal de [&hellip;]<\/p>\n","protected":false},"author":1,"featured_media":0,"parent":0,"menu_order":0,"comment_status":"closed","ping_status":"closed","template":"","meta":{"inline_featured_image":false,"footnotes":""},"class_list":["post-702","page","type-page","status-publish","hentry"],"jetpack_sharing_enabled":true,"_links":{"self":[{"href":"https:\/\/dermanima.com\/es\/wp-json\/wp\/v2\/pages\/702","targetHints":{"allow":["GET"]}}],"collection":[{"href":"https:\/\/dermanima.com\/es\/wp-json\/wp\/v2\/pages"}],"about":[{"href":"https:\/\/dermanima.com\/es\/wp-json\/wp\/v2\/types\/page"}],"author":[{"embeddable":true,"href":"https:\/\/dermanima.com\/es\/wp-json\/wp\/v2\/users\/1"}],"replies":[{"embeddable":true,"href":"https:\/\/dermanima.com\/es\/wp-json\/wp\/v2\/comments?post=702"}],"version-history":[{"count":1,"href":"https:\/\/dermanima.com\/es\/wp-json\/wp\/v2\/pages\/702\/revisions"}],"predecessor-version":[{"id":703,"href":"https:\/\/dermanima.com\/es\/wp-json\/wp\/v2\/pages\/702\/revisions\/703"}],"wp:attachment":[{"href":"https:\/\/dermanima.com\/es\/wp-json\/wp\/v2\/media?parent=702"}],"curies":[{"name":"wp","href":"https:\/\/api.w.org\/{rel}","templated":true}]}}