{"id":683,"date":"2022-07-27T06:12:13","date_gmt":"2023-02-05T17:25:58","guid":{"rendered":"https:\/\/dermanima.com\/producte\/essentiel-ao-5ml\/"},"modified":"2023-05-31T20:24:34","modified_gmt":"2023-05-31T20:24:34","slug":"essentiel-ao-5ml","status":"publish","type":"product","link":"https:\/\/dermanima.com\/es\/producte\/essentiel-ao-5ml\/","title":{"rendered":"Essentiel AO 5ml"},"content":{"rendered":"<p><b>Essentiel AO<\/b> es un producto concentrado de aceites esenciales revitalizantes. Este producto est\u00e1 indicado como tratamiento de choque para recuperar la vitalidad de la piel apagada debido al estr\u00e9s, tabaco, o fotoenvejecimiento. Su aplicaci\u00f3n ayuda a disminuir las manchas y arrugas finas causadas por la oxidaci\u00f3n de la piel.<\/p>\n<p>&nbsp;<\/p>\n<p><em><strong>\u00a1ATENCI\u00d3N! \u00a1ATENCI\u00d3N! Este producto es un destilado muy concentrado y ES OBLIGATORIO diluirlo en un producto complementario. <\/strong><\/em><em>Se recomienda mezclarlo con nuestros productos de la l\u00ednea BASE.<\/em><\/p>\n<p>&nbsp;<\/p>\n<p><strong>Funci\u00f3n:<\/strong> Antioxidante &#8211; Reparador &#8211; Regenerante &#8211; Purificante &#8211; Astringente &#8211; Suavizante &#8211; Calmante &#8211; Cicatrizante.<\/p>\n<p><strong>Instrucciones de uso<\/strong> (repetir ma\u00f1ana y noche):<\/p>\n<ol>\n<li>Limpiar la cara con un jab\u00f3n biol\u00f3gico y las manos limpias.<\/li>\n<li>Mezclar 8 gotas de aceite BASE (HY, RG o AO) con 1 gota de ESSENTIEL AO en la mano.<\/li>\n<li>Aplicar por la cara, el cuello y el escote masajeando suavemente hasta que penetre la piel empezando por p\u00f3mulos, frente, cuello, y l\u00ednea mandibular, siempre en sentido ascendente.<\/li>\n<\/ol>\n<p><strong>Ingredientes:<\/strong>Citrus aurantium amara leaf\/twig oil*, Pelargonium graveolens flower oil*, Helichrysum italicum flower oil*, Curcuma longa root oil*, Daucus carota (Carrot) sativa seed oil, Limonene**, Citronellol**, Geraniol**, Citral**, Linalool**, Farnesol**.<\/p>\n<p>* De agricultura ecol\u00f3gica.<\/p>\n<p>**Naturalmente presente en aceites esenciales.<\/p>\n","protected":false},"excerpt":{"rendered":"<p><b>Essentiel AO<\/b> es un producto concentrado de aceites esenciales revitalizantes. Este producto est\u00e1 indicado como tratamiento de choque para recuperar la vitalidad de la piel apagada debido al estr\u00e9s, tabaco, o fotoenvejecimiento.<\/p>\n","protected":false},"featured_media":477,"template":"","meta":{"inline_featured_image":false},"product_brand":[],"product_cat":[46],"product_tag":[],"class_list":{"0":"post-683","1":"product","2":"type-product","3":"status-publish","4":"has-post-thumbnail","6":"product_cat-antioxidante","8":"first","9":"instock","10":"shipping-taxable","11":"purchasable","12":"product-type-simple"},"jetpack_sharing_enabled":true,"_links":{"self":[{"href":"https:\/\/dermanima.com\/es\/wp-json\/wp\/v2\/product\/683","targetHints":{"allow":["GET"]}}],"collection":[{"href":"https:\/\/dermanima.com\/es\/wp-json\/wp\/v2\/product"}],"about":[{"href":"https:\/\/dermanima.com\/es\/wp-json\/wp\/v2\/types\/product"}],"wp:featuredmedia":[{"embeddable":true,"href":"https:\/\/dermanima.com\/es\/wp-json\/wp\/v2\/media\/477"}],"wp:attachment":[{"href":"https:\/\/dermanima.com\/es\/wp-json\/wp\/v2\/media?parent=683"}],"wp:term":[{"taxonomy":"product_brand","embeddable":true,"href":"https:\/\/dermanima.com\/es\/wp-json\/wp\/v2\/product_brand?post=683"},{"taxonomy":"product_cat","embeddable":true,"href":"https:\/\/dermanima.com\/es\/wp-json\/wp\/v2\/product_cat?post=683"},{"taxonomy":"product_tag","embeddable":true,"href":"https:\/\/dermanima.com\/es\/wp-json\/wp\/v2\/product_tag?post=683"}],"curies":[{"name":"wp","href":"https:\/\/api.w.org\/{rel}","templated":true}]}}