{"id":686,"date":"2022-07-27T06:09:38","date_gmt":"2023-02-05T17:52:06","guid":{"rendered":"https:\/\/dermanima.com\/producte\/base-hy-30ml\/"},"modified":"2023-05-31T20:28:26","modified_gmt":"2023-05-31T20:28:26","slug":"base-hy-30ml","status":"publish","type":"product","link":"https:\/\/dermanima.com\/es\/producte\/base-hy-30ml\/","title":{"rendered":"Base HY 30ml"},"content":{"rendered":"<p>La <b>Base HY<\/b> es un aceite hidratante con vitaminas A, C y E y amino\u00e1cidos esenciales Es un producto de absorci\u00f3n r\u00e1pida y que deja un acabado aterciopelado.<\/p>\n<p>Recomendamos utilizarlo como producto base para mezclar nuestros aceites esenciales, pero sus propiedades permiten que se pueda utilizar solo.<\/p>\n<p>&nbsp;<\/p>\n<p><strong>Funci\u00f3n:<\/strong> Base antienvejecimiento con propiedades hidratantes, regeneradoras, reparadoras y tonificantes.<\/p>\n<p><strong>Instrucciones de uso<\/strong> (repetir ma\u00f1ana y noche):<\/p>\n<ol>\n<li>Limpiar la cara con un jab\u00f3n biol\u00f3gico y las manos limpias.<\/li>\n<li>Mezclar 8 gotas de Base HY con 1 gota de aceite ESSENTIEL en mano.<\/li>\n<li>Aplicar por la cara, el cuello y el escote masajeando suavemente hasta que penetre la piel empezando por p\u00f3mulos, frente, cuello, y l\u00ednea mandibular, siempre en sentido ascendente.<\/li>\n<\/ol>\n<p><strong>Ingredientes:<\/strong> Moringa oleifera seed oil*.<\/p>\n<p>* De agricultura ecol\u00f3gica.<\/p>\n","protected":false},"excerpt":{"rendered":"<p>La <b>Base HY<\/b> es un aceite hidratante con vitaminas A, C y E y amino\u00e1cidos esenciales.<\/p>\n","protected":false},"featured_media":401,"template":"","meta":{"inline_featured_image":false},"product_brand":[],"product_cat":[47],"product_tag":[],"class_list":{"0":"post-686","1":"product","2":"type-product","3":"status-publish","4":"has-post-thumbnail","6":"product_cat-hidratante","8":"first","9":"instock","10":"shipping-taxable","11":"purchasable","12":"product-type-simple"},"jetpack_sharing_enabled":true,"_links":{"self":[{"href":"https:\/\/dermanima.com\/es\/wp-json\/wp\/v2\/product\/686","targetHints":{"allow":["GET"]}}],"collection":[{"href":"https:\/\/dermanima.com\/es\/wp-json\/wp\/v2\/product"}],"about":[{"href":"https:\/\/dermanima.com\/es\/wp-json\/wp\/v2\/types\/product"}],"wp:featuredmedia":[{"embeddable":true,"href":"https:\/\/dermanima.com\/es\/wp-json\/wp\/v2\/media\/401"}],"wp:attachment":[{"href":"https:\/\/dermanima.com\/es\/wp-json\/wp\/v2\/media?parent=686"}],"wp:term":[{"taxonomy":"product_brand","embeddable":true,"href":"https:\/\/dermanima.com\/es\/wp-json\/wp\/v2\/product_brand?post=686"},{"taxonomy":"product_cat","embeddable":true,"href":"https:\/\/dermanima.com\/es\/wp-json\/wp\/v2\/product_cat?post=686"},{"taxonomy":"product_tag","embeddable":true,"href":"https:\/\/dermanima.com\/es\/wp-json\/wp\/v2\/product_tag?post=686"}],"curies":[{"name":"wp","href":"https:\/\/api.w.org\/{rel}","templated":true}]}}