{"id":689,"date":"2022-07-27T06:08:49","date_gmt":"2023-02-05T17:54:18","guid":{"rendered":"https:\/\/dermanima.com\/producte\/essentiel-hy-8ml\/"},"modified":"2023-05-31T20:28:35","modified_gmt":"2023-05-31T20:28:35","slug":"essentiel-hy-8ml","status":"publish","type":"product","link":"https:\/\/dermanima.com\/es\/producte\/essentiel-hy-8ml\/","title":{"rendered":"Essentiel HY 8ml"},"content":{"rendered":"<p><b>Essentiel HY<\/b> es un producto concentrado de aceites esenciales hidratantes. Est\u00e1 indicado como <strong>tratamiento de choque<\/strong> para hidratar pieles que sufren sequedad cut\u00e1nea y sensaci\u00f3n de tirantez. Ayuda a recuperar la elasticidad, disminuye la descamaci\u00f3n y trata arrugas finas debidas a la deshidrataci\u00f3n.<\/p>\n<div><\/div>\n<div style=\"text-align: center;\"><em><strong>\u00a1ATENCI\u00d3N! \u00a1ATENCI\u00d3N! Este producto es un destilado muy concentrado y ES OBLIGATORIO diluirlo en un producto complementario. <\/strong><\/em><em>Se recomienda mezclarlo con nuestros productos de la l\u00ednea BASE.<\/em><\/div>\n<p>&nbsp;<\/p>\n<p><strong>Funci\u00f3n:<\/strong> Hidratante \u2013 Regenerante \u2013 Antienvejecimiento \u2013 Astringente \u2013 T\u00f3nico de la piel \u2013 Revitalizante de tejido \u2013 Reparador.<\/p>\n<p><strong>Instrucciones de uso<\/strong> (repetir ma\u00f1ana y noche):<\/p>\n<ol>\n<li>Limpiar la cara con un jab\u00f3n biol\u00f3gico y las manos limpias.<\/li>\n<li>Mezclar 8 gotas de aceite BASE (HY, RG o AO) con 1 gota de ESSENTIEL HY en mano.<\/li>\n<li>Aplicar por la cara, el cuello y el escote masajeando suavemente hasta que penetre la piel empezando por p\u00f3mulos, frente, cuello, y l\u00ednea mandibular, siempre en sentido ascendente.<\/li>\n<\/ol>\n<p>&nbsp;<\/p>\n<p><strong>Ingredientes:<\/strong> Cinnamomum camphora linalooliferum wood oil*, Boswellia carterii gum oil*, Santalum austrocaledonicum wood oil*, Commiphora myrrha gum oil*, Rosa damascena flower oil*, Linalool**, Limonene**, Citronellol**, Geraniol**, Citral**, Farnesol**, Eugenol**.<\/p>\n<p>* De agricultura ecol\u00f3gica.<\/p>\n<p>**Naturalmente presente en aceites esenciales.<\/p>\n","protected":false},"excerpt":{"rendered":"<p><b>Essentiel HY<\/b> es un producto concentrado de aceites esenciales hidratantes.<\/p>\n","protected":false},"featured_media":395,"template":"","meta":{"inline_featured_image":false},"product_brand":[],"product_cat":[47],"product_tag":[],"class_list":{"0":"post-689","1":"product","2":"type-product","3":"status-publish","4":"has-post-thumbnail","6":"product_cat-hidratante","8":"first","9":"instock","10":"shipping-taxable","11":"purchasable","12":"product-type-simple"},"jetpack_sharing_enabled":true,"_links":{"self":[{"href":"https:\/\/dermanima.com\/es\/wp-json\/wp\/v2\/product\/689","targetHints":{"allow":["GET"]}}],"collection":[{"href":"https:\/\/dermanima.com\/es\/wp-json\/wp\/v2\/product"}],"about":[{"href":"https:\/\/dermanima.com\/es\/wp-json\/wp\/v2\/types\/product"}],"wp:featuredmedia":[{"embeddable":true,"href":"https:\/\/dermanima.com\/es\/wp-json\/wp\/v2\/media\/395"}],"wp:attachment":[{"href":"https:\/\/dermanima.com\/es\/wp-json\/wp\/v2\/media?parent=689"}],"wp:term":[{"taxonomy":"product_brand","embeddable":true,"href":"https:\/\/dermanima.com\/es\/wp-json\/wp\/v2\/product_brand?post=689"},{"taxonomy":"product_cat","embeddable":true,"href":"https:\/\/dermanima.com\/es\/wp-json\/wp\/v2\/product_cat?post=689"},{"taxonomy":"product_tag","embeddable":true,"href":"https:\/\/dermanima.com\/es\/wp-json\/wp\/v2\/product_tag?post=689"}],"curies":[{"name":"wp","href":"https:\/\/api.w.org\/{rel}","templated":true}]}}