{"id":690,"date":"2022-07-27T06:07:55","date_gmt":"2023-02-05T17:56:03","guid":{"rendered":"https:\/\/dermanima.com\/producte\/ensemble-hy-30ml\/"},"modified":"2023-05-19T21:10:25","modified_gmt":"2023-05-19T21:10:25","slug":"ensemble-hy-30ml","status":"publish","type":"product","link":"https:\/\/dermanima.com\/es\/producte\/ensemble-hy-30ml\/","title":{"rendered":"Ensemble HY 30ml"},"content":{"rendered":"<p><b>Ensemble HY<\/b> es un s\u00e9rum hidratante de absorci\u00f3n r\u00e1pida que deja un acabado aterciopelado. Su mezcla de aceites esenciales y vegetales 100% naturales poseen las m\u00e1s altas propiedades hidratantes que se encuentran en la naturaleza.<\/p>\n<p>Este producto es ideal para hidratar pieles que sufren sequedad cut\u00e1nea. Ayuda a recuperar la elasticidad, disminuye la descamaci\u00f3n y trata arrugas finas debidas a la deshidrataci\u00f3n.<\/p>\n<p>&nbsp;<\/p>\n<p><strong>Funci\u00f3n:<\/strong> Regenerante \u2013 Anti-envejecimiento \u2013 Astringente \u2013 Tonifica la piel \u2013 Revitalizante de tejido \u2013 Reparador.<\/p>\n<p><strong>Instrucciones de uso<\/strong> (repetir ma\u00f1ana y noche):<\/p>\n<ol>\n<li>Limpiar la cara con un jab\u00f3n biol\u00f3gico y las manos limpias.<\/li>\n<li>Aplicar 8 gotas de s\u00e9rum en la mano.<\/li>\n<li>Aplicar por la cara, el cuello y el escote masajeando suavemente hasta que penetre la piel empezando por p\u00f3mulos, frente, cuello, y l\u00ednea mandibular, siempre en sentido ascendente.<\/li>\n<\/ol>\n<p><strong>Ingredientes<\/strong>: Moringa oleifera seed oil*, Rubus idaeus seed oil*, Macadamia ternifolia seed oil*, Prunus insititia seed oil, Brassica oleracea italica seed oil, Rosa canina fruit oil*, Cinnamomum camphora linalooliferum wood oil*, Lavandula angustifolia flower oil*, Boswellia carterii gum oil*, Pelargonium graveolens oil*, Cymbopogon martini oil*, Cistus ladaniferus twig oil*, Linalool**, Geraniol**, Citronellol**, Limonene**, Citral**, Farnesol**.<\/p>\n<p>* De agricultura ecol\u00f3gica.<\/p>\n<p>** Naturalmente presente en aceites esenciales.<\/p>\n","protected":false},"excerpt":{"rendered":"<p><b>Ensemble HY<\/b> es un s\u00e9rum hidratante de absorci\u00f3n r\u00e1pida que deja un acabado aterciopelado.<\/p>\n","protected":false},"featured_media":389,"template":"","meta":{"inline_featured_image":false},"product_brand":[],"product_cat":[47],"product_tag":[],"class_list":{"0":"post-690","1":"product","2":"type-product","3":"status-publish","4":"has-post-thumbnail","6":"product_cat-hidratante","8":"first","9":"instock","10":"shipping-taxable","11":"purchasable","12":"product-type-simple"},"jetpack_sharing_enabled":true,"_links":{"self":[{"href":"https:\/\/dermanima.com\/es\/wp-json\/wp\/v2\/product\/690","targetHints":{"allow":["GET"]}}],"collection":[{"href":"https:\/\/dermanima.com\/es\/wp-json\/wp\/v2\/product"}],"about":[{"href":"https:\/\/dermanima.com\/es\/wp-json\/wp\/v2\/types\/product"}],"wp:featuredmedia":[{"embeddable":true,"href":"https:\/\/dermanima.com\/es\/wp-json\/wp\/v2\/media\/389"}],"wp:attachment":[{"href":"https:\/\/dermanima.com\/es\/wp-json\/wp\/v2\/media?parent=690"}],"wp:term":[{"taxonomy":"product_brand","embeddable":true,"href":"https:\/\/dermanima.com\/es\/wp-json\/wp\/v2\/product_brand?post=690"},{"taxonomy":"product_cat","embeddable":true,"href":"https:\/\/dermanima.com\/es\/wp-json\/wp\/v2\/product_cat?post=690"},{"taxonomy":"product_tag","embeddable":true,"href":"https:\/\/dermanima.com\/es\/wp-json\/wp\/v2\/product_tag?post=690"}],"curies":[{"name":"wp","href":"https:\/\/api.w.org\/{rel}","templated":true}]}}