{"id":691,"date":"2022-07-27T06:06:17","date_gmt":"2023-02-05T17:57:40","guid":{"rendered":"https:\/\/dermanima.com\/producte\/pure-hy-oli-hidrolat-200ml\/"},"modified":"2023-05-19T21:19:38","modified_gmt":"2023-05-19T21:19:38","slug":"pure-hy-oli-hidrolat-200ml","status":"publish","type":"product","link":"https:\/\/dermanima.com\/es\/producte\/pure-hy-oli-hidrolat-200ml\/","title":{"rendered":"Pure HY (Oli + Hidrolat) 200ml"},"content":{"rendered":"<p class=\"p1\"><b>PURE HY Eau Florale<\/b> y <b>PURE HY Huile Vegetale<\/b> son Hidratantes, Regenerantes y Revitalizantes.<\/p>\n<p class=\"p3\"><b>C\u00f3mo utilizar Eau Florale:<\/b> Despu\u00e9s de limpiar la piel, empapar un disco de algod\u00f3n con el t\u00f3nico. Aplicar en toda la cara.<\/p>\n<p class=\"p3\"><b>C\u00f3mo utilizar Huile Vegetale:<\/b> Pase suavemente el algod\u00f3n por la cara para limpiar y eliminar el maquillaje.. No hace falta enjuagar. Para preparar la piel para la rutina de noche, aplique el t\u00f3nico inmediatamente despu\u00e9s.<\/p>\n<p class=\"p5\"><b>Funci\u00f3n:<\/b> Elimina suavemente las c\u00e9lulas muertas y las impurezas de la superficie de la piel sin atacarla. Hidratante \u2013 Regenerante \u2013 Revitalizante.<\/p>\n<p class=\"p1\"><b>Precauciones<\/b><b> <\/b><b>de uso:<\/b><b> <\/b>Reservado para adultos. No tragar. Guardar en un sitio seco y protegido de la luz y el calor.<\/p>\n","protected":false},"excerpt":{"rendered":"<p><b>PURE HY Eau Florale<\/b> y <b>PURE HY Huile Vegetale<\/b> son Hidratantes, Regenerantes y Revitalizantes.<\/p>\n","protected":false},"featured_media":407,"template":"","meta":{"inline_featured_image":false},"product_brand":[],"product_cat":[47],"product_tag":[],"class_list":{"0":"post-691","1":"product","2":"type-product","3":"status-publish","4":"has-post-thumbnail","6":"product_cat-hidratante","8":"first","9":"instock","10":"shipping-taxable","11":"purchasable","12":"product-type-simple"},"jetpack_sharing_enabled":true,"_links":{"self":[{"href":"https:\/\/dermanima.com\/es\/wp-json\/wp\/v2\/product\/691","targetHints":{"allow":["GET"]}}],"collection":[{"href":"https:\/\/dermanima.com\/es\/wp-json\/wp\/v2\/product"}],"about":[{"href":"https:\/\/dermanima.com\/es\/wp-json\/wp\/v2\/types\/product"}],"wp:featuredmedia":[{"embeddable":true,"href":"https:\/\/dermanima.com\/es\/wp-json\/wp\/v2\/media\/407"}],"wp:attachment":[{"href":"https:\/\/dermanima.com\/es\/wp-json\/wp\/v2\/media?parent=691"}],"wp:term":[{"taxonomy":"product_brand","embeddable":true,"href":"https:\/\/dermanima.com\/es\/wp-json\/wp\/v2\/product_brand?post=691"},{"taxonomy":"product_cat","embeddable":true,"href":"https:\/\/dermanima.com\/es\/wp-json\/wp\/v2\/product_cat?post=691"},{"taxonomy":"product_tag","embeddable":true,"href":"https:\/\/dermanima.com\/es\/wp-json\/wp\/v2\/product_tag?post=691"}],"curies":[{"name":"wp","href":"https:\/\/api.w.org\/{rel}","templated":true}]}}