{"id":695,"date":"2022-07-27T06:04:36","date_gmt":"2023-02-05T18:01:25","guid":{"rendered":"https:\/\/dermanima.com\/producte\/essentiel-rg-8ml\/"},"modified":"2023-05-31T20:26:18","modified_gmt":"2023-05-31T20:26:18","slug":"essentiel-rg-8ml","status":"publish","type":"product","link":"https:\/\/dermanima.com\/es\/producte\/essentiel-rg-8ml\/","title":{"rendered":"Essentiel RG 8ml"},"content":{"rendered":"<p><b>Essentiel RG<\/b> es un producto concentrado de aceites esenciales regenerantes. Est\u00e1 indicado como <strong>tratamiento de choque<\/strong> para reconstituir pieles at\u00f3picas, irritadas, o severamente castigadas por el clima. Adem\u00e1s, se recomienda como tratamiento de mantenimiento despu\u00e9s de tratamientos de medicina est\u00e9tica.<\/p>\n<p>&nbsp;<\/p>\n<p style=\"text-align: center;\"><strong><em>\u00a1ATENCI\u00d3N! \u00a1ATENCI\u00d3N! Este producto es un destilado muy concentrado y ES OBLIGATORIO diluirlo en un producto complementario. <\/em><\/strong><em>Se recomienda mezclarlo con nuestros productos de la l\u00ednea BASE.<\/em><\/p>\n<p>&nbsp;<\/p>\n<p><strong>Funci\u00f3n:<\/strong> Regenerante \u2013 Reparador \u2013 Purificante \u2013 Astringente \u2013 Suavizante \u2013 Calmante \u2013 Cicatrizante.<\/p>\n<p><strong>Instrucciones de uso<\/strong> (repetir ma\u00f1ana y noche):<\/p>\n<ol>\n<li>Limpiar la cara con un jab\u00f3n biol\u00f3gico y las manos limpias.<\/li>\n<li>Mezclar 8 gotas de aceite BASE (HY, RG o AO) con 1 gota de ESSENTIEL RG en la mano.<\/li>\n<li>Aplicar por la cara, el cuello y el escote masajeando suavemente hasta que penetre la piel empezando por p\u00f3mulos, frente, cuello, y l\u00ednea mandibular, siempre en sentido ascendente.<\/li>\n<\/ol>\n<p>&nbsp;<\/p>\n<p><strong>Ingredientes:<\/strong> Lavandula angustifolia flower oil*, Helichrysum italicum flower oil*, Anthemis nobilis flower oil*, Pelargonium graveolens oil*, Cistus ladaniferus twig oil*, Linalool**, Citronellol**, Geraniol**, Limonene**, Citral**, Coumarin**, Benzyl benzoate**.<\/p>\n<p>* De agricultura ecol\u00f3gica.<\/p>\n<p>**Naturalmente presente en aceites esenciales.<\/p>\n","protected":false},"excerpt":{"rendered":"<p><b>Essentiel RG<\/b> es un producto concentrado de aceites esenciales regenerantes.<\/p>\n","protected":false},"featured_media":423,"template":"","meta":{"inline_featured_image":false},"product_brand":[],"product_cat":[48],"product_tag":[],"class_list":{"0":"post-695","1":"product","2":"type-product","3":"status-publish","4":"has-post-thumbnail","6":"product_cat-regenerante","8":"first","9":"instock","10":"shipping-taxable","11":"purchasable","12":"product-type-simple"},"jetpack_sharing_enabled":true,"_links":{"self":[{"href":"https:\/\/dermanima.com\/es\/wp-json\/wp\/v2\/product\/695","targetHints":{"allow":["GET"]}}],"collection":[{"href":"https:\/\/dermanima.com\/es\/wp-json\/wp\/v2\/product"}],"about":[{"href":"https:\/\/dermanima.com\/es\/wp-json\/wp\/v2\/types\/product"}],"wp:featuredmedia":[{"embeddable":true,"href":"https:\/\/dermanima.com\/es\/wp-json\/wp\/v2\/media\/423"}],"wp:attachment":[{"href":"https:\/\/dermanima.com\/es\/wp-json\/wp\/v2\/media?parent=695"}],"wp:term":[{"taxonomy":"product_brand","embeddable":true,"href":"https:\/\/dermanima.com\/es\/wp-json\/wp\/v2\/product_brand?post=695"},{"taxonomy":"product_cat","embeddable":true,"href":"https:\/\/dermanima.com\/es\/wp-json\/wp\/v2\/product_cat?post=695"},{"taxonomy":"product_tag","embeddable":true,"href":"https:\/\/dermanima.com\/es\/wp-json\/wp\/v2\/product_tag?post=695"}],"curies":[{"name":"wp","href":"https:\/\/api.w.org\/{rel}","templated":true}]}}