{"id":696,"date":"2022-07-27T06:03:39","date_gmt":"2023-02-05T18:03:04","guid":{"rendered":"https:\/\/dermanima.com\/producte\/ensemble-rg-30ml\/"},"modified":"2023-05-19T21:08:44","modified_gmt":"2023-05-19T21:08:44","slug":"ensemble-rg-30ml","status":"publish","type":"product","link":"https:\/\/dermanima.com\/es\/producte\/ensemble-rg-30ml\/","title":{"rendered":"Ensemble RG 30ml"},"content":{"rendered":"<p>El producto <b>Ensemble RG<\/b> es un s\u00e9rum regenerante de absorci\u00f3n r\u00e1pida y que deja un acabado aterciopelado. Su mezcla de aceites esenciales y vegetales ecol\u00f3gicos poseen las m\u00e1s altas propiedades regenerantes que se encuentran en la naturaleza.<\/p>\n<p>Este producto es ideal para reconstituir zonas de la piel at\u00f3picas, irritadas o castigadas por el clima. Adem\u00e1s, se recomienda como tratamiento de mantenimiento despu\u00e9s de tratamientos de medicina est\u00e9tica.<\/p>\n<p>&nbsp;<\/p>\n<p><span class=\"Apple-converted-space\"><strong>Funci\u00f3n<\/strong><\/span>: Reparador &#8211; Regenerante &#8211; Purificante &#8211; Astringente &#8211; Calmante &#8211; Cicatrizante.<\/p>\n<p><strong>Instrucciones de uso<\/strong> (repetir ma\u00f1ana y noche):<\/p>\n<ol>\n<li>Limpiar la cara con un jab\u00f3n biol\u00f3gico y las manos limpias.<\/li>\n<li>Aplicar 8 gotas de s\u00e9rum en la mano.<\/li>\n<li>Aplicar por la cara, el cuello y el escote masajeando suavemente hasta que penetre la piel empezando por p\u00f3mulos, frente, cuello, y l\u00ednea mandibular, siempre en sentido ascendente.<\/li>\n<\/ol>\n<p><strong>Ingredientes<\/strong>: Rubus idaeus seed oil*, Prunus insititia seed oil, Adansonia digitata seed oil*, Rosa canina fruit oil*, Brassica oleracea italica seed oil, Lavandula angustifolia flower oil*, Pelargonium graveolens flower oil*, Santalum austrocaledonicum wood oil*, Commiphora myrrha gum oil*, Boswellia carterii gum oil*, Helichrysum italicum flower oil*, Cistus ladaniferus twig oil*, Limonene**, Citronellol**, Geraniol**, Citral**, Linalool**.<\/p>\n<p>* De agricultura ecol\u00f3gica.<\/p>\n<p>** Naturalmente presente en aceites esenciales.<\/p>\n","protected":false},"excerpt":{"rendered":"<p>El producto <b>Ensemble RG<\/b> es un s\u00e9rum regenerante de absorci\u00f3n r\u00e1pida y que deja un acabado aterciopelado.<\/p>\n","protected":false},"featured_media":460,"template":"","meta":{"inline_featured_image":false},"product_brand":[],"product_cat":[48,50],"product_tag":[],"class_list":{"0":"post-696","1":"product","2":"type-product","3":"status-publish","4":"has-post-thumbnail","6":"product_cat-regenerante","7":"product_cat-productos-faciales","9":"first","10":"instock","11":"shipping-taxable","12":"purchasable","13":"product-type-simple"},"jetpack_sharing_enabled":true,"_links":{"self":[{"href":"https:\/\/dermanima.com\/es\/wp-json\/wp\/v2\/product\/696","targetHints":{"allow":["GET"]}}],"collection":[{"href":"https:\/\/dermanima.com\/es\/wp-json\/wp\/v2\/product"}],"about":[{"href":"https:\/\/dermanima.com\/es\/wp-json\/wp\/v2\/types\/product"}],"wp:featuredmedia":[{"embeddable":true,"href":"https:\/\/dermanima.com\/es\/wp-json\/wp\/v2\/media\/460"}],"wp:attachment":[{"href":"https:\/\/dermanima.com\/es\/wp-json\/wp\/v2\/media?parent=696"}],"wp:term":[{"taxonomy":"product_brand","embeddable":true,"href":"https:\/\/dermanima.com\/es\/wp-json\/wp\/v2\/product_brand?post=696"},{"taxonomy":"product_cat","embeddable":true,"href":"https:\/\/dermanima.com\/es\/wp-json\/wp\/v2\/product_cat?post=696"},{"taxonomy":"product_tag","embeddable":true,"href":"https:\/\/dermanima.com\/es\/wp-json\/wp\/v2\/product_tag?post=696"}],"curies":[{"name":"wp","href":"https:\/\/api.w.org\/{rel}","templated":true}]}}