{"id":697,"date":"2022-07-27T06:02:02","date_gmt":"2023-02-05T18:04:55","guid":{"rendered":"https:\/\/dermanima.com\/producte\/pure-rg-aceite-hidrolat-200ml\/"},"modified":"2023-05-19T21:21:47","modified_gmt":"2023-05-19T21:21:47","slug":"pure-rg-oli-hidrolat-200ml","status":"publish","type":"product","link":"https:\/\/dermanima.com\/es\/producte\/pure-rg-oli-hidrolat-200ml\/","title":{"rendered":"Pure RG (ACEITE + Hidrolat) 200ml"},"content":{"rendered":"<p class=\"p1\"><b>PURE RG Eau Florale y PURE RG Huile Vegetale<\/b> son Suavizantes, Calmantes y Reparadores.<\/p>\n<p class=\"p1\"><b>C\u00f3mo utilizar Eau Florale:<\/b> Despu\u00e9s de limpiar la piel, empapar un disco de algod\u00f3n con el t\u00f3nico. Aplicar en toda la cara.<\/p>\n<p class=\"p1\"><b>C\u00f3mo utilizar Huile Vegetale:<\/b> Pase suavemente el algod\u00f3n por la cara para limpiar y eliminar el maquillaje.. No hace falta enjuagar. Para preparar la piel para la rutina de noche, aplique el t\u00f3nico inmediatamente despu\u00e9s.<\/p>\n<p class=\"p3\"><b>Funci\u00f3n:<\/b> Elimina suavemente las c\u00e9lulas muertas y las impurezas de la superficie de la piel sin atacarla. Suavizante \u2013 Calmante \u2013 Reparador.<\/p>\n<p class=\"p5\"><b>Precauciones<\/b><b> <\/b><b>de uso:<\/b><b> <\/b>Reservado para adultos. No tragar. Guardar en un sitio seco y protegido de la luz y el calor.<\/p>\n","protected":false},"excerpt":{"rendered":"<p><b>PURE RG Eau Florale y PURE RG Huile Vegetale<\/b> son Suavizantes, Calmantes y Reparadores.<\/p>\n","protected":false},"featured_media":438,"template":"","meta":{"inline_featured_image":false},"product_brand":[],"product_cat":[48],"product_tag":[],"class_list":{"0":"post-697","1":"product","2":"type-product","3":"status-publish","4":"has-post-thumbnail","6":"product_cat-regenerante","8":"first","9":"instock","10":"shipping-taxable","11":"purchasable","12":"product-type-simple"},"jetpack_sharing_enabled":true,"_links":{"self":[{"href":"https:\/\/dermanima.com\/es\/wp-json\/wp\/v2\/product\/697","targetHints":{"allow":["GET"]}}],"collection":[{"href":"https:\/\/dermanima.com\/es\/wp-json\/wp\/v2\/product"}],"about":[{"href":"https:\/\/dermanima.com\/es\/wp-json\/wp\/v2\/types\/product"}],"wp:featuredmedia":[{"embeddable":true,"href":"https:\/\/dermanima.com\/es\/wp-json\/wp\/v2\/media\/438"}],"wp:attachment":[{"href":"https:\/\/dermanima.com\/es\/wp-json\/wp\/v2\/media?parent=697"}],"wp:term":[{"taxonomy":"product_brand","embeddable":true,"href":"https:\/\/dermanima.com\/es\/wp-json\/wp\/v2\/product_brand?post=697"},{"taxonomy":"product_cat","embeddable":true,"href":"https:\/\/dermanima.com\/es\/wp-json\/wp\/v2\/product_cat?post=697"},{"taxonomy":"product_tag","embeddable":true,"href":"https:\/\/dermanima.com\/es\/wp-json\/wp\/v2\/product_tag?post=697"}],"curies":[{"name":"wp","href":"https:\/\/api.w.org\/{rel}","templated":true}]}}