{"id":698,"date":"2022-07-27T06:01:22","date_gmt":"2023-02-05T18:07:14","guid":{"rendered":"https:\/\/dermanima.com\/producte\/corporelle-intense-200ml\/"},"modified":"2023-02-05T18:07:14","modified_gmt":"2023-02-05T18:07:14","slug":"corporelle-intense-200ml","status":"publish","type":"product","link":"https:\/\/dermanima.com\/es\/producte\/corporelle-intense-200ml\/","title":{"rendered":"Corporelle Intense 200ml"},"content":{"rendered":"<p><b>Corporelle Intense<\/b> es un aceite corporal que mezcla aceites esenciales y vegetales altamente reafirmantes de r\u00e1pida absorci\u00f3n, y que deja un acabado aterciopelado. Recomendamos utilizarlo como hidratante diario para todo el cuerpo, adem\u00e1s de tener propiedades antioxidantes y reafirmantes que tratan la flacidez. Est\u00e1 indicado para pieles m\u00e1s maduras o que necesiten un efecto reafirmante intenso.<\/p>\n<p>&nbsp;<\/p>\n<p><strong>Funci\u00f3n:<\/strong> Antienvejecimiento, hidratante, reafirmante, suavizante, alisante, y nutritivo.<\/p>\n<p><strong>Instrucciones de uso:<\/strong><\/p>\n<ol>\n<li>Al salir de la ducha, dejar escurrir un poco el agua sin secarse con la toalla.<\/li>\n<li>Con la piel h\u00fameda, aplicar el aceite por todo el cuerpo masajeando en sentido ascendente para que se absorba bien, evitando las mucosas.<\/li>\n<li>Una vez que el producto haya penetrado la piel, secarse con la toalla con toques suaves.<\/li>\n<\/ol>\n<p>&nbsp;<\/p>\n<p><strong>Ingredientes:<\/strong><\/p>\n<p>Simmondsia chinensis seed oil*, Macadamia ternifolia seed oil*, Argania spinosa kernel oil*, Rubus idaeus seed oil*, Helianthus annuus seed oil*, Cinnamomum camphora linalooliferum wood oil*, Lavandula angustifolia flower oil*, Cedrus atlantica wood oil*, Helichrysum italicum flower oil*, Citrus aurantium amara leaf\/twig oil*, Bellis perennis flower extract*, Linalool**, Limonene**, Geraniol**, Citral**, Citronellol**, Coumarin**.<span class=\"Apple-converted-space\"> <\/span><\/p>\n<p>* De agricultura ecol\u00f3gica.<\/p>\n<p>**Naturalmente presente en aceites esenciales.<\/p>\n","protected":false},"excerpt":{"rendered":"<p><b>Corporelle Intense<\/b> es un aceite corporal que mezcla aceites esenciales y vegetales altamente reafirmantes de r\u00e1pida absorci\u00f3n, y que deja un acabado aterciopelado.<\/p>\n","protected":false},"featured_media":450,"template":"","meta":{"inline_featured_image":false},"product_brand":[],"product_cat":[49],"product_tag":[],"class_list":{"0":"post-698","1":"product","2":"type-product","3":"status-publish","4":"has-post-thumbnail","6":"product_cat-corporal","8":"first","9":"instock","10":"shipping-taxable","11":"purchasable","12":"product-type-simple"},"jetpack_sharing_enabled":true,"_links":{"self":[{"href":"https:\/\/dermanima.com\/es\/wp-json\/wp\/v2\/product\/698","targetHints":{"allow":["GET"]}}],"collection":[{"href":"https:\/\/dermanima.com\/es\/wp-json\/wp\/v2\/product"}],"about":[{"href":"https:\/\/dermanima.com\/es\/wp-json\/wp\/v2\/types\/product"}],"wp:featuredmedia":[{"embeddable":true,"href":"https:\/\/dermanima.com\/es\/wp-json\/wp\/v2\/media\/450"}],"wp:attachment":[{"href":"https:\/\/dermanima.com\/es\/wp-json\/wp\/v2\/media?parent=698"}],"wp:term":[{"taxonomy":"product_brand","embeddable":true,"href":"https:\/\/dermanima.com\/es\/wp-json\/wp\/v2\/product_brand?post=698"},{"taxonomy":"product_cat","embeddable":true,"href":"https:\/\/dermanima.com\/es\/wp-json\/wp\/v2\/product_cat?post=698"},{"taxonomy":"product_tag","embeddable":true,"href":"https:\/\/dermanima.com\/es\/wp-json\/wp\/v2\/product_tag?post=698"}],"curies":[{"name":"wp","href":"https:\/\/api.w.org\/{rel}","templated":true}]}}